{"id":6560,"date":"2025-08-22T07:41:32","date_gmt":"2025-08-22T07:41:32","guid":{"rendered":"https:\/\/stellaria.aysa.ro\/?page_id=6560"},"modified":"2025-09-01T08:08:08","modified_gmt":"2025-09-01T08:08:08","slug":"productie-executiva-filme","status":"publish","type":"page","link":"https:\/\/stellariafilm.com\/en_gb\/productie-executiva-filme\/","title":{"rendered":"Productie executiva filme"},"content":{"rendered":"<div data-elementor-type=\"wp-page\" data-elementor-id=\"6560\" class=\"elementor elementor-6560\">\n\t\t\t\t\t\t<section class=\"elementor-section elementor-top-section elementor-element elementor-element-ea942b2 elementor-section-full_width elementor-section-height-default elementor-section-height-default qodef-elementor-image-no\" data-id=\"ea942b2\" data-element_type=\"section\">\n\t\t\t\t\t\t<div class=\"elementor-container elementor-column-gap-default\">\n\t\t\t\t\t<div class=\"elementor-column elementor-col-50 elementor-top-column elementor-element elementor-element-6f8bb17\" data-id=\"6f8bb17\" data-element_type=\"column\">\n\t\t\t<div class=\"elementor-widget-wrap elementor-element-populated\">\n\t\t\t\t\t\t<div class=\"elementor-element elementor-element-96027f9 elementor-widget elementor-widget-firstframe_core_section_title\" data-id=\"96027f9\" data-element_type=\"widget\" data-widget_type=\"firstframe_core_section_title.default\">\n\t\t\t\t<div class=\"elementor-widget-container\">\n\t\t\t\t\t<div class=\"qodef-shortcode qodef-m qodef-section-title qodef-alignment--left\">\n\t\t<h2 class=\"qodef-m-title\" style=\"color: #000000\">\n\t\t\t\t\tExecutive production <mark>for films<\/mark>\t\t\t<\/h2>\n\t<\/div>\n\t\t\t\t<\/div>\n\t\t\t\t<\/div>\n\t\t\t\t<div class=\"elementor-element elementor-element-6e04de7 elementor-hidden-tablet elementor-hidden-mobile elementor-widget elementor-widget-firstframe_core_single_image\" data-id=\"6e04de7\" data-element_type=\"widget\" data-widget_type=\"firstframe_core_single_image.default\">\n\t\t\t\t<div class=\"elementor-widget-container\">\n\t\t\t\t\t<div class=\"qodef-shortcode qodef-m qodef-single-image qodef-layout--default\">\n\t<\/div>\n\t\t\t\t<\/div>\n\t\t\t\t<\/div>\n\t\t\t\t<div class=\"elementor-element elementor-element-1c3d1e4 elementor-widget elementor-widget-firstframe_core_section_title\" data-id=\"1c3d1e4\" data-element_type=\"widget\" data-widget_type=\"firstframe_core_section_title.default\">\n\t\t\t\t<div class=\"elementor-widget-container\">\n\t\t\t\t\t<div class=\"qodef-shortcode qodef-m qodef-section-title qodef-alignment--left\">\n\t\t<h5 class=\"qodef-m-title\" style=\"color: #000000\">\n\t\t\t\t\tHow we work\t\t\t<\/h5>\n\t<\/div>\n\t\t\t\t<\/div>\n\t\t\t\t<\/div>\n\t\t\t\t<div class=\"elementor-element elementor-element-75253e7 elementor-widget elementor-widget-firstframe_core_icon_with_text\" data-id=\"75253e7\" data-element_type=\"widget\" data-widget_type=\"firstframe_core_icon_with_text.default\">\n\t\t\t\t<div class=\"elementor-widget-container\">\n\t\t\t\t\t<div class=\"qodef-shortcode qodef-m qodef-icon-with-text qodef-layout--before-content qodef--custom-icon\">\n\t<div class=\"qodef-m-icon-wrapper\" >\n\t\t\t\t\t<img decoding=\"async\" width=\"7\" height=\"7\" src=\"https:\/\/stellariafilm.com\/wp-content\/uploads\/2023\/03\/pages-icon.png\" class=\"attachment-full size-full\" alt=\"k\" \/>\t\t<\/div>\n\t<div class=\"qodef-m-content\">\n\t\t\t\t\t\t\t\t\t<p class=\"qodef-m-text\" style=\"margin-top: -7px;color: #121212\">Strategic planning \u2013 we transform vision into a clear plan, with concrete objectives and steps.<\/p>\n\t\t\t<\/div>\n<\/div>\n\t\t\t\t<\/div>\n\t\t\t\t<\/div>\n\t\t\t\t<div class=\"elementor-element elementor-element-966b416 elementor-widget elementor-widget-firstframe_core_icon_with_text\" data-id=\"966b416\" data-element_type=\"widget\" data-widget_type=\"firstframe_core_icon_with_text.default\">\n\t\t\t\t<div class=\"elementor-widget-container\">\n\t\t\t\t\t<div class=\"qodef-shortcode qodef-m qodef-icon-with-text qodef-layout--before-content qodef--custom-icon\">\n\t<div class=\"qodef-m-icon-wrapper\" >\n\t\t\t\t\t<img decoding=\"async\" width=\"7\" height=\"7\" src=\"https:\/\/stellariafilm.com\/wp-content\/uploads\/2023\/03\/pages-icon.png\" class=\"attachment-full size-full\" alt=\"k\" \/>\t\t<\/div>\n\t<div class=\"qodef-m-content\">\n\t\t\t\t\t\t\t\t\t<p class=\"qodef-m-text\" style=\"margin-top: -7px;color: #121212\">Budgeting &amp; logistics \u2013 we efficiently manage resources, locations, team, and equipment.<\/p>\n\t\t\t<\/div>\n<\/div>\n\t\t\t\t<\/div>\n\t\t\t\t<\/div>\n\t\t\t\t<div class=\"elementor-element elementor-element-8c78c70 elementor-widget elementor-widget-firstframe_core_icon_with_text\" data-id=\"8c78c70\" data-element_type=\"widget\" data-widget_type=\"firstframe_core_icon_with_text.default\">\n\t\t\t\t<div class=\"elementor-widget-container\">\n\t\t\t\t\t<div class=\"qodef-shortcode qodef-m qodef-icon-with-text qodef-layout--before-content qodef--custom-icon\">\n\t<div class=\"qodef-m-icon-wrapper\" >\n\t\t\t\t\t<img decoding=\"async\" width=\"7\" height=\"7\" src=\"https:\/\/stellariafilm.com\/wp-content\/uploads\/2023\/03\/pages-icon.png\" class=\"attachment-full size-full\" alt=\"k\" \/>\t\t<\/div>\n\t<div class=\"qodef-m-content\">\n\t\t\t\t\t\t\t\t\t<p class=\"qodef-m-text\" style=\"margin-top: -7px;color: #121212\">Team coordination \u2013 we ensure fluid collaboration between directors, actors, technicians, and suppliers.<\/p>\n\t\t\t<\/div>\n<\/div>\n\t\t\t\t<\/div>\n\t\t\t\t<\/div>\n\t\t\t\t<div class=\"elementor-element elementor-element-f43d327 elementor-widget elementor-widget-firstframe_core_icon_with_text\" data-id=\"f43d327\" data-element_type=\"widget\" data-widget_type=\"firstframe_core_icon_with_text.default\">\n\t\t\t\t<div class=\"elementor-widget-container\">\n\t\t\t\t\t<div class=\"qodef-shortcode qodef-m qodef-icon-with-text qodef-layout--before-content qodef--custom-icon\">\n\t<div class=\"qodef-m-icon-wrapper\" >\n\t\t\t\t\t<img decoding=\"async\" width=\"7\" height=\"7\" src=\"https:\/\/stellariafilm.com\/wp-content\/uploads\/2023\/03\/pages-icon.png\" class=\"attachment-full size-full\" alt=\"k\" \/>\t\t<\/div>\n\t<div class=\"qodef-m-content\">\n\t\t\t\t\t\t\t\t\t<p class=\"qodef-m-text\" style=\"margin-top: -7px;color: #121212\">Filming Organisation \u2013 we schedule and oversee filming to avoid delays and technical issues.<\/p>\n\t\t\t<\/div>\n<\/div>\n\t\t\t\t<\/div>\n\t\t\t\t<\/div>\n\t\t\t\t<div class=\"elementor-element elementor-element-3912af7 elementor-widget elementor-widget-firstframe_core_icon_with_text\" data-id=\"3912af7\" data-element_type=\"widget\" data-widget_type=\"firstframe_core_icon_with_text.default\">\n\t\t\t\t<div class=\"elementor-widget-container\">\n\t\t\t\t\t<div class=\"qodef-shortcode qodef-m qodef-icon-with-text qodef-layout--before-content qodef--custom-icon\">\n\t<div class=\"qodef-m-icon-wrapper\" >\n\t\t\t\t\t<img decoding=\"async\" width=\"7\" height=\"7\" src=\"https:\/\/stellariafilm.com\/wp-content\/uploads\/2023\/03\/pages-icon.png\" class=\"attachment-full size-full\" alt=\"k\" \/>\t\t<\/div>\n\t<div class=\"qodef-m-content\">\n\t\t\t\t\t\t\t\t\t<p class=\"qodef-m-text\" style=\"margin-top: -7px;color: #121212\">Executive production \u2013 we handle the administrative and legal aspects, so you can focus on the creative side.<\/p>\n\t\t\t<\/div>\n<\/div>\n\t\t\t\t<\/div>\n\t\t\t\t<\/div>\n\t\t\t\t<div class=\"elementor-element elementor-element-cd87ffb elementor-widget elementor-widget-firstframe_core_icon_with_text\" data-id=\"cd87ffb\" data-element_type=\"widget\" data-widget_type=\"firstframe_core_icon_with_text.default\">\n\t\t\t\t<div class=\"elementor-widget-container\">\n\t\t\t\t\t<div class=\"qodef-shortcode qodef-m qodef-icon-with-text qodef-layout--before-content qodef--custom-icon\">\n\t<div class=\"qodef-m-icon-wrapper\" >\n\t\t\t\t\t<img decoding=\"async\" width=\"7\" height=\"7\" src=\"https:\/\/stellariafilm.com\/wp-content\/uploads\/2023\/03\/pages-icon.png\" class=\"attachment-full size-full\" alt=\"k\" \/>\t\t<\/div>\n\t<div class=\"qodef-m-content\">\n\t\t\t\t\t\t\t\t\t<p class=\"qodef-m-text\" style=\"margin-top: -7px;color: #121212\">Professional delivery \u2013 we guarantee a final product to cinematic standards, delivered on time and to the promised quality.<\/p>\n\t\t\t<\/div>\n<\/div>\n\t\t\t\t<\/div>\n\t\t\t\t<\/div>\n\t\t\t\t<div class=\"elementor-element elementor-element-34c265aa elementor-widget__width-initial qodef--has-custom-underline elementor-widget elementor-widget-text-editor\" data-id=\"34c265aa\" data-element_type=\"widget\" data-widget_type=\"text-editor.default\">\n\t\t\t\t\t\t\t\t\t<p><a href=\"https:\/\/instagram.com\/leximaria19\" target=\"_blank\" rel=\"noopener\">INSTAGRAM.<\/a><\/p>\t\t\t\t\t\t\t\t<\/div>\n\t\t\t\t\t<\/div>\n\t\t<\/div>\n\t\t\t\t<div class=\"elementor-column elementor-col-50 elementor-top-column elementor-element elementor-element-fdfa5bd\" data-id=\"fdfa5bd\" data-element_type=\"column\">\n\t\t\t<div class=\"elementor-widget-wrap elementor-element-populated\">\n\t\t\t\t\t\t<div class=\"elementor-element elementor-element-fa83a1c elementor-widget elementor-widget-firstframe_core_single_image\" data-id=\"fa83a1c\" data-element_type=\"widget\" data-widget_type=\"firstframe_core_single_image.default\">\n\t\t\t\t<div class=\"elementor-widget-container\">\n\t\t\t\t\t<div class=\"qodef-shortcode qodef-m qodef-single-image qodef-layout--default\">\n\t\t\t<div class=\"qodef-m-image\">\n\t\t\t\t\t\t\t\t<img fetchpriority=\"high\" decoding=\"async\" width=\"670\" height=\"670\" src=\"https:\/\/stellariafilm.com\/wp-content\/uploads\/2023\/03\/inner-p-gallery-img-3.jpg\" class=\"attachment-full size-full\" alt=\"s\" srcset=\"https:\/\/stellariafilm.com\/wp-content\/uploads\/2023\/03\/inner-p-gallery-img-3.jpg 670w, https:\/\/stellariafilm.com\/wp-content\/uploads\/2023\/03\/inner-p-gallery-img-3-300x300.jpg 300w, https:\/\/stellariafilm.com\/wp-content\/uploads\/2023\/03\/inner-p-gallery-img-3-150x150.jpg 150w, https:\/\/stellariafilm.com\/wp-content\/uploads\/2023\/03\/inner-p-gallery-img-3-650x650.jpg 650w, https:\/\/stellariafilm.com\/wp-content\/uploads\/2023\/03\/inner-p-gallery-img-3-600x600.jpg 600w, https:\/\/stellariafilm.com\/wp-content\/uploads\/2023\/03\/inner-p-gallery-img-3-100x100.jpg 100w\" sizes=\"(max-width: 670px) 100vw, 670px\" \/>\t\t\t\t\t\t\t<\/div>\n\t<\/div>\n\t\t\t\t<\/div>\n\t\t\t\t<\/div>\n\t\t\t\t<div class=\"elementor-element elementor-element-23813a6 elementor-widget elementor-widget-text-editor\" data-id=\"23813a6\" data-element_type=\"widget\" data-widget_type=\"text-editor.default\">\n\t\t\t\t\t\t\t\t\t<p data-start=\"208\" data-end=\"453\">A film, a commercial, or a video isn't just born from talent and inspiration \u2013 it also needs impeccable organisation. <strong data-start=\"329\" data-end=\"342\">Stellaria<\/strong>, We know that the path to successful production begins with planning, coordination, and attention to every detail.<\/p><p data-start=\"455\" data-end=\"655\">That is why we offer a full range of <strong data-start=\"493\" data-end=\"541\">Project management and executive production<\/strong>, so that your idea is transformed into a high-quality, stress-free, and uncompromising final result.<\/p><p data-start=\"1353\" data-end=\"1555\">For us, every detail matters: from choosing locations and managing the team to catering and transport. Everything is part of a puzzle that, once complete, becomes your story on screen.<\/p><p data-start=\"1557\" data-end=\"1708\">With Stellaria, <strong data-start=\"1574\" data-end=\"1596\">the road to the stars<\/strong> it is well organised \u2013 and you have the assurance that your project is in good hands, from beginning to end.<\/p>\t\t\t\t\t\t\t\t<\/div>\n\t\t\t\t\t<\/div>\n\t\t<\/div>\n\t\t\t\t\t<\/div>\n\t\t<\/section>\n\t\t\t\t<section class=\"elementor-section elementor-top-section elementor-element elementor-element-9dee8cb elementor-section-full_width elementor-section-height-default elementor-section-height-default qodef-elementor-image-no\" data-id=\"9dee8cb\" data-element_type=\"section\">\n\t\t\t\t\t\t<div class=\"elementor-container elementor-column-gap-default\">\n\t\t\t\t\t<div class=\"elementor-column elementor-col-25 elementor-top-column elementor-element elementor-element-2d44f2d\" data-id=\"2d44f2d\" data-element_type=\"column\">\n\t\t\t<div class=\"elementor-widget-wrap elementor-element-populated\">\n\t\t\t\t\t\t<div class=\"elementor-element elementor-element-31172e5 elementor-widget elementor-widget-firstframe_core_section_title\" data-id=\"31172e5\" data-element_type=\"widget\" data-widget_type=\"firstframe_core_section_title.default\">\n\t\t\t\t<div class=\"elementor-widget-container\">\n\t\t\t\t\t<div class=\"qodef-shortcode qodef-m qodef-section-title qodef-alignment--left\">\n\t\t<h5 class=\"qodef-m-title\" style=\"color: #000000\">\n\t\t\t\t\t<a itemprop=\"url\" href=\"https:\/\/stellariafilm.com\/en_gb\/actorie-film-teatru\/\" target=\"_self\">\n\t\t\t\t\tRequisites for film and theatre\t\t\t\t\t<\/a>\n\t\t\t<\/h5>\n\t\t<p class=\"qodef-m-text\" style=\"margin-top: 9px;color: #000000\">leading and supporting roles, with versatility and authentic emotion.<\/p>\n<\/div>\n\t\t\t\t<\/div>\n\t\t\t\t<\/div>\n\t\t\t\t<div class=\"elementor-element elementor-element-531bd67 elementor-widget elementor-widget-firstframe_core_button\" data-id=\"531bd67\" data-element_type=\"widget\" data-widget_type=\"firstframe_core_button.default\">\n\t\t\t\t<div class=\"elementor-widget-container\">\n\t\t\t\t\t<a class=\"qodef-shortcode qodef-m qodef-button qodef-layout--textual qodef-html--link\" href=\"https:\/\/stellariafilm.com\/en_gb\/actorie-film-teatru\/\" target=\"_self\"  style=\"color: #121212\">\n\t<span class=\"qodef-m-text\">See more<\/span>\n<\/a>\n\t\t\t\t<\/div>\n\t\t\t\t<\/div>\n\t\t\t\t\t<\/div>\n\t\t<\/div>\n\t\t\t\t<div class=\"elementor-column elementor-col-25 elementor-top-column elementor-element elementor-element-e3ee90c\" data-id=\"e3ee90c\" data-element_type=\"column\">\n\t\t\t<div class=\"elementor-widget-wrap elementor-element-populated\">\n\t\t\t\t\t\t<div class=\"elementor-element elementor-element-6762d43 elementor-widget elementor-widget-firstframe_core_section_title\" data-id=\"6762d43\" data-element_type=\"widget\" data-widget_type=\"firstframe_core_section_title.default\">\n\t\t\t\t<div class=\"elementor-widget-container\">\n\t\t\t\t\t<div class=\"qodef-shortcode qodef-m qodef-section-title qodef-alignment--left\">\n\t\t<h5 class=\"qodef-m-title\" style=\"color: #000000\">\n\t\t\t\t\t<a itemprop=\"url\" href=\"https:\/\/stellariafilm.com\/en_gb\/modelling\/\" target=\"_self\">\n\t\t\t\t\tModelling &amp; artistic photoshoots\t\t\t\t\t<\/a>\n\t\t\t<\/h5>\n\t\t<p class=\"qodef-m-text\" style=\"margin-top: 9px;color: #000000\">Creative photo shoots, with acting expressiveness.<\/p>\n<\/div>\n\t\t\t\t<\/div>\n\t\t\t\t<\/div>\n\t\t\t\t<div class=\"elementor-element elementor-element-e04fff8 elementor-widget elementor-widget-firstframe_core_button\" data-id=\"e04fff8\" data-element_type=\"widget\" data-widget_type=\"firstframe_core_button.default\">\n\t\t\t\t<div class=\"elementor-widget-container\">\n\t\t\t\t\t<a class=\"qodef-shortcode qodef-m qodef-button qodef-layout--textual qodef-html--link\" href=\"https:\/\/stellariafilm.com\/en_gb\/modelling\/\" target=\"_self\"  style=\"color: #121212\">\n\t<span class=\"qodef-m-text\">See more<\/span>\n<\/a>\n\t\t\t\t<\/div>\n\t\t\t\t<\/div>\n\t\t\t\t\t<\/div>\n\t\t<\/div>\n\t\t\t\t<div class=\"elementor-column elementor-col-25 elementor-top-column elementor-element elementor-element-1a38c59\" data-id=\"1a38c59\" data-element_type=\"column\">\n\t\t\t<div class=\"elementor-widget-wrap elementor-element-populated\">\n\t\t\t\t\t\t<div class=\"elementor-element elementor-element-9c364f5 elementor-widget elementor-widget-firstframe_core_section_title\" data-id=\"9c364f5\" data-element_type=\"widget\" data-widget_type=\"firstframe_core_section_title.default\">\n\t\t\t\t<div class=\"elementor-widget-container\">\n\t\t\t\t\t<div class=\"qodef-shortcode qodef-m qodef-section-title qodef-alignment--left\">\n\t\t<h5 class=\"qodef-m-title\" style=\"color: #000000\">\n\t\t\t\t\t<a itemprop=\"url\" href=\"https:\/\/stellariafilm.com\/en_gb\/voice-over-narare\/\" target=\"_self\">\n\t\t\t\t\tVoice-over &amp; narration\t\t\t\t\t<\/a>\n\t\t\t<\/h5>\n\t\t<p class=\"qodef-m-text\" style=\"margin-top: 9px;color: #000000\">Recordings for advertisements, audiobooks, or artistic projects.<\/p>\n<\/div>\n\t\t\t\t<\/div>\n\t\t\t\t<\/div>\n\t\t\t\t<div class=\"elementor-element elementor-element-cff588e elementor-widget elementor-widget-firstframe_core_button\" data-id=\"cff588e\" data-element_type=\"widget\" data-widget_type=\"firstframe_core_button.default\">\n\t\t\t\t<div class=\"elementor-widget-container\">\n\t\t\t\t\t<a class=\"qodef-shortcode qodef-m qodef-button qodef-layout--textual qodef-html--link\" href=\"https:\/\/stellariafilm.com\/en_gb\/voice-over-narare\/\" target=\"_self\"  style=\"color: #121212\">\n\t<span class=\"qodef-m-text\">See more<\/span>\n<\/a>\n\t\t\t\t<\/div>\n\t\t\t\t<\/div>\n\t\t\t\t\t<\/div>\n\t\t<\/div>\n\t\t\t\t<div class=\"elementor-column elementor-col-25 elementor-top-column elementor-element elementor-element-82d641f\" data-id=\"82d641f\" data-element_type=\"column\">\n\t\t\t<div class=\"elementor-widget-wrap elementor-element-populated\">\n\t\t\t\t\t\t<div class=\"elementor-element elementor-element-38910ac elementor-widget elementor-widget-firstframe_core_section_title\" data-id=\"38910ac\" data-element_type=\"widget\" data-widget_type=\"firstframe_core_section_title.default\">\n\t\t\t\t<div class=\"elementor-widget-container\">\n\t\t\t\t\t<div class=\"qodef-shortcode qodef-m qodef-section-title qodef-alignment--left\">\n\t\t<h5 class=\"qodef-m-title\" style=\"color: #000000\">\n\t\t\t\t\t<a itemprop=\"url\" href=\"https:\/\/stellariafilm.com\/en_gb\/actrita-alexia-tataru\/\" target=\"_self\">\n\t\t\t\t\tWorkshops and masterclasses for young actors\t\t\t\t\t<\/a>\n\t\t\t<\/h5>\n\t\t<p class=\"qodef-m-text\" style=\"margin-top: 9px;color: #000000\">Sharing expertise and supporting the new generation.<\/p>\n<\/div>\n\t\t\t\t<\/div>\n\t\t\t\t<\/div>\n\t\t\t\t<div class=\"elementor-element elementor-element-bcccf44 elementor-widget elementor-widget-firstframe_core_button\" data-id=\"bcccf44\" data-element_type=\"widget\" data-widget_type=\"firstframe_core_button.default\">\n\t\t\t\t<div class=\"elementor-widget-container\">\n\t\t\t\t\t<a class=\"qodef-shortcode qodef-m qodef-button qodef-layout--textual qodef-html--link\" href=\"https:\/\/stellariafilm.com\/en_gb\/actrita-alexia-tataru\/\" target=\"_self\"  style=\"color: #121212\">\n\t<span class=\"qodef-m-text\">See more<\/span>\n<\/a>\n\t\t\t\t<\/div>\n\t\t\t\t<\/div>\n\t\t\t\t\t<\/div>\n\t\t<\/div>\n\t\t\t\t\t<\/div>\n\t\t<\/section>\n\t\t\t\t<\/div>","protected":false},"excerpt":{"rendered":"<p>Produc\u021bie executiv\u0103 pentru filme Cum lucr\u0103m: Planificare strategic\u0103 \u2013 transform\u0103m viziunea \u00eentr-un plan clar, cu obiective \u0219i pa\u0219i concre\u021bi. Bugetare &amp; logistic\u0103 \u2013 gestion\u0103m eficient resursele, loca\u021biile, echipa \u0219i echipamentele. Coordonarea echipelor \u2013 asigur\u0103m colaborarea fluid\u0103 \u00eentre regizori, actori, tehnicieni \u0219i furnizori. Organizare film\u0103ri \u2013 program\u0103m \u0219i supraveghem film\u0103rile pentru a evita \u00eent\u00e2rzieri \u0219i probleme [&hellip;]<\/p>","protected":false},"author":1,"featured_media":0,"parent":0,"menu_order":0,"comment_status":"closed","ping_status":"closed","template":"page-full-width.php","meta":{"pagelayer_contact_templates":[],"_pagelayer_content":"","footnotes":""},"class_list":["post-6560","page","type-page","status-publish","hentry"],"_links":{"self":[{"href":"https:\/\/stellariafilm.com\/en_gb\/wp-json\/wp\/v2\/pages\/6560","targetHints":{"allow":["GET"]}}],"collection":[{"href":"https:\/\/stellariafilm.com\/en_gb\/wp-json\/wp\/v2\/pages"}],"about":[{"href":"https:\/\/stellariafilm.com\/en_gb\/wp-json\/wp\/v2\/types\/page"}],"author":[{"embeddable":true,"href":"https:\/\/stellariafilm.com\/en_gb\/wp-json\/wp\/v2\/users\/1"}],"replies":[{"embeddable":true,"href":"https:\/\/stellariafilm.com\/en_gb\/wp-json\/wp\/v2\/comments?post=6560"}],"version-history":[{"count":8,"href":"https:\/\/stellariafilm.com\/en_gb\/wp-json\/wp\/v2\/pages\/6560\/revisions"}],"predecessor-version":[{"id":6786,"href":"https:\/\/stellariafilm.com\/en_gb\/wp-json\/wp\/v2\/pages\/6560\/revisions\/6786"}],"wp:attachment":[{"href":"https:\/\/stellariafilm.com\/en_gb\/wp-json\/wp\/v2\/media?parent=6560"}],"curies":[{"name":"WP","href":"https:\/\/api.w.org\/{rel}","templated":true}]}}