{"id":6558,"date":"2025-08-22T07:40:53","date_gmt":"2025-08-22T07:40:53","guid":{"rendered":"https:\/\/stellaria.aysa.ro\/?page_id=6558"},"modified":"2025-09-01T08:05:19","modified_gmt":"2025-09-01T08:05:19","slug":"consultanta-creativa-scenariu","status":"publish","type":"page","link":"https:\/\/stellariafilm.com\/en_gb\/consultanta-creativa-scenariu\/","title":{"rendered":"Consultanta creativa &amp; scenariu"},"content":{"rendered":"<div data-elementor-type=\"wp-page\" data-elementor-id=\"6558\" class=\"elementor elementor-6558\">\n\t\t\t\t\t\t<section class=\"elementor-section elementor-top-section elementor-element elementor-element-ea942b2 elementor-section-full_width elementor-section-height-default elementor-section-height-default qodef-elementor-image-no\" data-id=\"ea942b2\" data-element_type=\"section\">\n\t\t\t\t\t\t<div class=\"elementor-container elementor-column-gap-default\">\n\t\t\t\t\t<div class=\"elementor-column elementor-col-50 elementor-top-column elementor-element elementor-element-6f8bb17\" data-id=\"6f8bb17\" data-element_type=\"column\">\n\t\t\t<div class=\"elementor-widget-wrap elementor-element-populated\">\n\t\t\t\t\t\t<div class=\"elementor-element elementor-element-96027f9 elementor-widget elementor-widget-firstframe_core_section_title\" data-id=\"96027f9\" data-element_type=\"widget\" data-widget_type=\"firstframe_core_section_title.default\">\n\t\t\t\t<div class=\"elementor-widget-container\">\n\t\t\t\t\t<div class=\"qodef-shortcode qodef-m qodef-section-title qodef-alignment--left\">\n\t\t<h2 class=\"qodef-m-title\" style=\"color: #000000\">\n\t\t\t\t\tthe road to<mark> Stele <\/mark>\t\t\t<\/h2>\n\t<\/div>\n\t\t\t\t<\/div>\n\t\t\t\t<\/div>\n\t\t\t\t<div class=\"elementor-element elementor-element-6e04de7 elementor-hidden-tablet elementor-hidden-mobile elementor-widget elementor-widget-firstframe_core_single_image\" data-id=\"6e04de7\" data-element_type=\"widget\" data-widget_type=\"firstframe_core_single_image.default\">\n\t\t\t\t<div class=\"elementor-widget-container\">\n\t\t\t\t\t<div class=\"qodef-shortcode qodef-m qodef-single-image qodef-layout--default\">\n\t<\/div>\n\t\t\t\t<\/div>\n\t\t\t\t<\/div>\n\t\t\t\t<div class=\"elementor-element elementor-element-1c3d1e4 elementor-widget elementor-widget-firstframe_core_section_title\" data-id=\"1c3d1e4\" data-element_type=\"widget\" data-widget_type=\"firstframe_core_section_title.default\">\n\t\t\t\t<div class=\"elementor-widget-container\">\n\t\t\t\t\t<div class=\"qodef-shortcode qodef-m qodef-section-title qodef-alignment--left\">\n\t\t<h5 class=\"qodef-m-title\" style=\"color: #000000\">\n\t\t\t\t\tHow we can help you through creative consultancy &amp; scripting:\t\t\t<\/h5>\n\t<\/div>\n\t\t\t\t<\/div>\n\t\t\t\t<\/div>\n\t\t\t\t<div class=\"elementor-element elementor-element-75253e7 elementor-widget elementor-widget-firstframe_core_icon_with_text\" data-id=\"75253e7\" data-element_type=\"widget\" data-widget_type=\"firstframe_core_icon_with_text.default\">\n\t\t\t\t<div class=\"elementor-widget-container\">\n\t\t\t\t\t<div class=\"qodef-shortcode qodef-m qodef-icon-with-text qodef-layout--before-content qodef--custom-icon\">\n\t<div class=\"qodef-m-icon-wrapper\" >\n\t\t\t\t\t<img decoding=\"async\" width=\"7\" height=\"7\" src=\"https:\/\/stellariafilm.com\/wp-content\/uploads\/2023\/03\/pages-icon.png\" class=\"attachment-full size-full\" alt=\"k\" \/>\t\t<\/div>\n\t<div class=\"qodef-m-content\">\n\t\t\t\t\t\t\t\t\t<p class=\"qodef-m-text\" style=\"margin-top: -7px;color: #121212\">Transforming ideas into stories \u2013 we start from a simple concept and develop it into a detailed scenario that conveys emotion and a clear message.<\/p>\n\t\t\t<\/div>\n<\/div>\n\t\t\t\t<\/div>\n\t\t\t\t<\/div>\n\t\t\t\t<div class=\"elementor-element elementor-element-966b416 elementor-widget elementor-widget-firstframe_core_icon_with_text\" data-id=\"966b416\" data-element_type=\"widget\" data-widget_type=\"firstframe_core_icon_with_text.default\">\n\t\t\t\t<div class=\"elementor-widget-container\">\n\t\t\t\t\t<div class=\"qodef-shortcode qodef-m qodef-icon-with-text qodef-layout--before-content qodef--custom-icon\">\n\t<div class=\"qodef-m-icon-wrapper\" >\n\t\t\t\t\t<img decoding=\"async\" width=\"7\" height=\"7\" src=\"https:\/\/stellariafilm.com\/wp-content\/uploads\/2023\/03\/pages-icon.png\" class=\"attachment-full size-full\" alt=\"k\" \/>\t\t<\/div>\n\t<div class=\"qodef-m-content\">\n\t\t\t\t\t\t\t\t\t<p class=\"qodef-m-text\" style=\"margin-top: -7px;color: #121212\">Solid narrative structure \u2013 we help you build a logical and captivating plot with a memorable beginning, middle, and end.<\/p>\n\t\t\t<\/div>\n<\/div>\n\t\t\t\t<\/div>\n\t\t\t\t<\/div>\n\t\t\t\t<div class=\"elementor-element elementor-element-8c78c70 elementor-widget elementor-widget-firstframe_core_icon_with_text\" data-id=\"8c78c70\" data-element_type=\"widget\" data-widget_type=\"firstframe_core_icon_with_text.default\">\n\t\t\t\t<div class=\"elementor-widget-container\">\n\t\t\t\t\t<div class=\"qodef-shortcode qodef-m qodef-icon-with-text qodef-layout--before-content qodef--custom-icon\">\n\t<div class=\"qodef-m-icon-wrapper\" >\n\t\t\t\t\t<img decoding=\"async\" width=\"7\" height=\"7\" src=\"https:\/\/stellariafilm.com\/wp-content\/uploads\/2023\/03\/pages-icon.png\" class=\"attachment-full size-full\" alt=\"k\" \/>\t\t<\/div>\n\t<div class=\"qodef-m-content\">\n\t\t\t\t\t\t\t\t\t<p class=\"qodef-m-text\" style=\"margin-top: -7px;color: #121212\">Character Development \u2013 we define credible personalities with strong motivations and conflicts that will captivate the audience.<\/p>\n\t\t\t<\/div>\n<\/div>\n\t\t\t\t<\/div>\n\t\t\t\t<\/div>\n\t\t\t\t<div class=\"elementor-element elementor-element-f43d327 elementor-widget elementor-widget-firstframe_core_icon_with_text\" data-id=\"f43d327\" data-element_type=\"widget\" data-widget_type=\"firstframe_core_icon_with_text.default\">\n\t\t\t\t<div class=\"elementor-widget-container\">\n\t\t\t\t\t<div class=\"qodef-shortcode qodef-m qodef-icon-with-text qodef-layout--before-content qodef--custom-icon\">\n\t<div class=\"qodef-m-icon-wrapper\" >\n\t\t\t\t\t<img decoding=\"async\" width=\"7\" height=\"7\" src=\"https:\/\/stellariafilm.com\/wp-content\/uploads\/2023\/03\/pages-icon.png\" class=\"attachment-full size-full\" alt=\"k\" \/>\t\t<\/div>\n\t<div class=\"qodef-m-content\">\n\t\t\t\t\t\t\t\t\t<p class=\"qodef-m-text\" style=\"margin-top: -7px;color: #121212\">Authentic dialogue \u2013 adapted to each context, so that the lines sound natural and convey the desired emotion.<\/p>\n\t\t\t<\/div>\n<\/div>\n\t\t\t\t<\/div>\n\t\t\t\t<\/div>\n\t\t\t\t<div class=\"elementor-element elementor-element-3912af7 elementor-widget elementor-widget-firstframe_core_icon_with_text\" data-id=\"3912af7\" data-element_type=\"widget\" data-widget_type=\"firstframe_core_icon_with_text.default\">\n\t\t\t\t<div class=\"elementor-widget-container\">\n\t\t\t\t\t<div class=\"qodef-shortcode qodef-m qodef-icon-with-text qodef-layout--before-content qodef--custom-icon\">\n\t<div class=\"qodef-m-icon-wrapper\" >\n\t\t\t\t\t<img decoding=\"async\" width=\"7\" height=\"7\" src=\"https:\/\/stellariafilm.com\/wp-content\/uploads\/2023\/03\/pages-icon.png\" class=\"attachment-full size-full\" alt=\"k\" \/>\t\t<\/div>\n\t<div class=\"qodef-m-content\">\n\t\t\t\t\t\t\t\t\t<p class=\"qodef-m-text\" style=\"margin-top: -7px;color: #121212\">Consultancy for adaptations \u2013 we turn books, articles, or real stories into film scripts or visual content.<\/p>\n\t\t\t<\/div>\n<\/div>\n\t\t\t\t<\/div>\n\t\t\t\t<\/div>\n\t\t\t\t<div class=\"elementor-element elementor-element-34c265aa elementor-widget__width-auto qodef--has-custom-underline elementor-widget elementor-widget-text-editor\" data-id=\"34c265aa\" data-element_type=\"widget\" data-widget_type=\"text-editor.default\">\n\t\t\t\t\t\t\t\t\t<p><a href=\"https:\/\/instagram.com\/leximaria19\" target=\"_blank\" rel=\"noopener\">Instagram<\/a><\/p>\t\t\t\t\t\t\t\t<\/div>\n\t\t\t\t\t<\/div>\n\t\t<\/div>\n\t\t\t\t<div class=\"elementor-column elementor-col-50 elementor-top-column elementor-element elementor-element-fdfa5bd\" data-id=\"fdfa5bd\" data-element_type=\"column\">\n\t\t\t<div class=\"elementor-widget-wrap elementor-element-populated\">\n\t\t\t\t\t\t<div class=\"elementor-element elementor-element-fa83a1c elementor-widget elementor-widget-firstframe_core_single_image\" data-id=\"fa83a1c\" data-element_type=\"widget\" data-widget_type=\"firstframe_core_single_image.default\">\n\t\t\t\t<div class=\"elementor-widget-container\">\n\t\t\t\t\t<div class=\"qodef-shortcode qodef-m qodef-single-image qodef-layout--default\">\n\t\t\t<div class=\"qodef-m-image\">\n\t\t\t\t\t\t\t\t<img fetchpriority=\"high\" decoding=\"async\" width=\"1161\" height=\"707\" src=\"https:\/\/stellariafilm.com\/wp-content\/uploads\/2023\/02\/actori-bright-lights-of-little-paris.jpg\" class=\"attachment-full size-full\" alt=\"\" srcset=\"https:\/\/stellariafilm.com\/wp-content\/uploads\/2023\/02\/actori-bright-lights-of-little-paris.jpg 1161w, https:\/\/stellariafilm.com\/wp-content\/uploads\/2023\/02\/actori-bright-lights-of-little-paris-300x183.jpg 300w, https:\/\/stellariafilm.com\/wp-content\/uploads\/2023\/02\/actori-bright-lights-of-little-paris-1024x624.jpg 1024w, https:\/\/stellariafilm.com\/wp-content\/uploads\/2023\/02\/actori-bright-lights-of-little-paris-768x468.jpg 768w, https:\/\/stellariafilm.com\/wp-content\/uploads\/2023\/02\/actori-bright-lights-of-little-paris-600x365.jpg 600w\" sizes=\"(max-width: 1161px) 100vw, 1161px\" \/>\t\t\t\t\t\t\t<\/div>\n\t<\/div>\n\t\t\t\t<\/div>\n\t\t\t\t<\/div>\n\t\t\t\t<div class=\"elementor-element elementor-element-23813a6 elementor-widget elementor-widget-text-editor\" data-id=\"23813a6\" data-element_type=\"widget\" data-widget_type=\"text-editor.default\">\n\t\t\t\t\t\t\t\t\t<p data-start=\"161\" data-end=\"599\">Every film, advertisement, or music video starts with an idea. But for this idea to come to life and reach the audience in the form of a coherent, emotional, and memorable story, a well-constructed script and a clear vision are needed. <strong data-start=\"428\" data-end=\"441\">Stellaria<\/strong>, We offer creative consultancy and scriptwriting services for all those who wish to develop film, commercial, or artistic projects.<\/p><p data-start=\"601\" data-end=\"947\">Whether you already have an idea and don't know how to turn it into a script, or you want to create a story from scratch, our team of scriptwriters and consultants will offer you step-by-step support: brainstorming, narrative structure, character development, authentic dialogue, and adaptation to the visual format most suited to your message.<\/p><p data-start=\"601\" data-end=\"947\">La Stellaria believes that a script is not just a sequence of lines and scenes, but <strong data-start=\"2055\" data-end=\"2088\">the heart of every visual project<\/strong>. Through our consultancy, we ensure that every story told has authenticity, emotional strength, and the potential to reach the hearts of viewers.<\/p>\t\t\t\t\t\t\t\t<\/div>\n\t\t\t\t\t<\/div>\n\t\t<\/div>\n\t\t\t\t\t<\/div>\n\t\t<\/section>\n\t\t\t\t<section class=\"elementor-section elementor-top-section elementor-element elementor-element-9dee8cb elementor-section-full_width elementor-section-height-default elementor-section-height-default qodef-elementor-image-no\" data-id=\"9dee8cb\" data-element_type=\"section\">\n\t\t\t\t\t\t<div class=\"elementor-container elementor-column-gap-default\">\n\t\t\t\t\t<div class=\"elementor-column elementor-col-25 elementor-top-column elementor-element elementor-element-2d44f2d\" data-id=\"2d44f2d\" data-element_type=\"column\">\n\t\t\t<div class=\"elementor-widget-wrap elementor-element-populated\">\n\t\t\t\t\t\t<div class=\"elementor-element elementor-element-31172e5 elementor-widget elementor-widget-firstframe_core_section_title\" data-id=\"31172e5\" data-element_type=\"widget\" data-widget_type=\"firstframe_core_section_title.default\">\n\t\t\t\t<div class=\"elementor-widget-container\">\n\t\t\t\t\t<div class=\"qodef-shortcode qodef-m qodef-section-title qodef-alignment--left\">\n\t\t<h5 class=\"qodef-m-title\" style=\"color: #000000\">\n\t\t\t\t\t<a itemprop=\"url\" href=\"https:\/\/stellariafilm.com\/en_gb\/actorie-film-teatru\/\" target=\"_self\">\n\t\t\t\t\tRequisites for film and theatre\t\t\t\t\t<\/a>\n\t\t\t<\/h5>\n\t\t<p class=\"qodef-m-text\" style=\"margin-top: 9px;color: #000000\">leading and supporting roles, with versatility and authentic emotion.<\/p>\n<\/div>\n\t\t\t\t<\/div>\n\t\t\t\t<\/div>\n\t\t\t\t<div class=\"elementor-element elementor-element-531bd67 elementor-widget elementor-widget-firstframe_core_button\" data-id=\"531bd67\" data-element_type=\"widget\" data-widget_type=\"firstframe_core_button.default\">\n\t\t\t\t<div class=\"elementor-widget-container\">\n\t\t\t\t\t<a class=\"qodef-shortcode qodef-m qodef-button qodef-layout--textual qodef-html--link\" href=\"https:\/\/stellariafilm.com\/en_gb\/actorie-film-teatru\/\" target=\"_self\"  style=\"color: #121212\">\n\t<span class=\"qodef-m-text\">See more<\/span>\n<\/a>\n\t\t\t\t<\/div>\n\t\t\t\t<\/div>\n\t\t\t\t\t<\/div>\n\t\t<\/div>\n\t\t\t\t<div class=\"elementor-column elementor-col-25 elementor-top-column elementor-element elementor-element-e3ee90c\" data-id=\"e3ee90c\" data-element_type=\"column\">\n\t\t\t<div class=\"elementor-widget-wrap elementor-element-populated\">\n\t\t\t\t\t\t<div class=\"elementor-element elementor-element-6762d43 elementor-widget elementor-widget-firstframe_core_section_title\" data-id=\"6762d43\" data-element_type=\"widget\" data-widget_type=\"firstframe_core_section_title.default\">\n\t\t\t\t<div class=\"elementor-widget-container\">\n\t\t\t\t\t<div class=\"qodef-shortcode qodef-m qodef-section-title qodef-alignment--left\">\n\t\t<h5 class=\"qodef-m-title\" style=\"color: #000000\">\n\t\t\t\t\t<a itemprop=\"url\" href=\"https:\/\/stellariafilm.com\/en_gb\/modelling\/\" target=\"_self\">\n\t\t\t\t\tModelling &amp; artistic photoshoots\t\t\t\t\t<\/a>\n\t\t\t<\/h5>\n\t\t<p class=\"qodef-m-text\" style=\"margin-top: 9px;color: #000000\">Creative photo shoots, with acting expressiveness.<\/p>\n<\/div>\n\t\t\t\t<\/div>\n\t\t\t\t<\/div>\n\t\t\t\t<div class=\"elementor-element elementor-element-e04fff8 elementor-widget elementor-widget-firstframe_core_button\" data-id=\"e04fff8\" data-element_type=\"widget\" data-widget_type=\"firstframe_core_button.default\">\n\t\t\t\t<div class=\"elementor-widget-container\">\n\t\t\t\t\t<a class=\"qodef-shortcode qodef-m qodef-button qodef-layout--textual qodef-html--link\" href=\"https:\/\/stellariafilm.com\/en_gb\/modelling\/\" target=\"_self\"  style=\"color: #121212\">\n\t<span class=\"qodef-m-text\">See more<\/span>\n<\/a>\n\t\t\t\t<\/div>\n\t\t\t\t<\/div>\n\t\t\t\t\t<\/div>\n\t\t<\/div>\n\t\t\t\t<div class=\"elementor-column elementor-col-25 elementor-top-column elementor-element elementor-element-1a38c59\" data-id=\"1a38c59\" data-element_type=\"column\">\n\t\t\t<div class=\"elementor-widget-wrap elementor-element-populated\">\n\t\t\t\t\t\t<div class=\"elementor-element elementor-element-9c364f5 elementor-widget elementor-widget-firstframe_core_section_title\" data-id=\"9c364f5\" data-element_type=\"widget\" data-widget_type=\"firstframe_core_section_title.default\">\n\t\t\t\t<div class=\"elementor-widget-container\">\n\t\t\t\t\t<div class=\"qodef-shortcode qodef-m qodef-section-title qodef-alignment--left\">\n\t\t<h5 class=\"qodef-m-title\" style=\"color: #000000\">\n\t\t\t\t\t<a itemprop=\"url\" href=\"https:\/\/stellariafilm.com\/en_gb\/voice-over-narare\/\" target=\"_self\">\n\t\t\t\t\tVoice-over &amp; narration\t\t\t\t\t<\/a>\n\t\t\t<\/h5>\n\t\t<p class=\"qodef-m-text\" style=\"margin-top: 9px;color: #000000\">Recordings for advertisements, audiobooks, or artistic projects.<\/p>\n<\/div>\n\t\t\t\t<\/div>\n\t\t\t\t<\/div>\n\t\t\t\t<div class=\"elementor-element elementor-element-cff588e elementor-widget elementor-widget-firstframe_core_button\" data-id=\"cff588e\" data-element_type=\"widget\" data-widget_type=\"firstframe_core_button.default\">\n\t\t\t\t<div class=\"elementor-widget-container\">\n\t\t\t\t\t<a class=\"qodef-shortcode qodef-m qodef-button qodef-layout--textual qodef-html--link\" href=\"https:\/\/stellariafilm.com\/en_gb\/voice-over-narare\/\" target=\"_self\"  style=\"color: #121212\">\n\t<span class=\"qodef-m-text\">See more<\/span>\n<\/a>\n\t\t\t\t<\/div>\n\t\t\t\t<\/div>\n\t\t\t\t\t<\/div>\n\t\t<\/div>\n\t\t\t\t<div class=\"elementor-column elementor-col-25 elementor-top-column elementor-element elementor-element-82d641f\" data-id=\"82d641f\" data-element_type=\"column\">\n\t\t\t<div class=\"elementor-widget-wrap elementor-element-populated\">\n\t\t\t\t\t\t<div class=\"elementor-element elementor-element-38910ac elementor-widget elementor-widget-firstframe_core_section_title\" data-id=\"38910ac\" data-element_type=\"widget\" data-widget_type=\"firstframe_core_section_title.default\">\n\t\t\t\t<div class=\"elementor-widget-container\">\n\t\t\t\t\t<div class=\"qodef-shortcode qodef-m qodef-section-title qodef-alignment--left\">\n\t\t<h5 class=\"qodef-m-title\" style=\"color: #000000\">\n\t\t\t\t\t<a itemprop=\"url\" href=\"https:\/\/stellariafilm.com\/en_gb\/actrita-alexia-tataru\/\" target=\"_self\">\n\t\t\t\t\tWorkshops and masterclasses for young actors\t\t\t\t\t<\/a>\n\t\t\t<\/h5>\n\t\t<p class=\"qodef-m-text\" style=\"margin-top: 9px;color: #000000\">Sharing expertise and supporting the new generation.<\/p>\n<\/div>\n\t\t\t\t<\/div>\n\t\t\t\t<\/div>\n\t\t\t\t<div class=\"elementor-element elementor-element-bcccf44 elementor-widget elementor-widget-firstframe_core_button\" data-id=\"bcccf44\" data-element_type=\"widget\" data-widget_type=\"firstframe_core_button.default\">\n\t\t\t\t<div class=\"elementor-widget-container\">\n\t\t\t\t\t<a class=\"qodef-shortcode qodef-m qodef-button qodef-layout--textual qodef-html--link\" href=\"https:\/\/stellariafilm.com\/en_gb\/actrita-alexia-tataru\/\" target=\"_self\"  style=\"color: #121212\">\n\t<span class=\"qodef-m-text\">See more<\/span>\n<\/a>\n\t\t\t\t<\/div>\n\t\t\t\t<\/div>\n\t\t\t\t\t<\/div>\n\t\t<\/div>\n\t\t\t\t\t<\/div>\n\t\t<\/section>\n\t\t\t\t<\/div>","protected":false},"excerpt":{"rendered":"<p>drumul c\u0103tre stele Cum te ajut\u0103m prin consultan\u021b\u0103 creativ\u0103 &amp; scenariu: Transformarea ideilor \u00een pove\u0219ti \u2013 pornim de la un concept simplu \u0219i \u00eel dezvolt\u0103m \u00eentr-un scenariu detaliat, care s\u0103 transmit\u0103 emo\u021bie \u0219i mesaj clar. Structur\u0103 narativ\u0103 solid\u0103 \u2013 te ajut\u0103m s\u0103 construie\u0219ti un fir logic \u0219i captivant, cu \u00eenceput, desf\u0103\u0219urare \u0219i final memorabil. Construirea [&hellip;]<\/p>","protected":false},"author":1,"featured_media":0,"parent":0,"menu_order":0,"comment_status":"closed","ping_status":"closed","template":"page-full-width.php","meta":{"pagelayer_contact_templates":[],"_pagelayer_content":"","footnotes":""},"class_list":["post-6558","page","type-page","status-publish","hentry"],"_links":{"self":[{"href":"https:\/\/stellariafilm.com\/en_gb\/wp-json\/wp\/v2\/pages\/6558","targetHints":{"allow":["GET"]}}],"collection":[{"href":"https:\/\/stellariafilm.com\/en_gb\/wp-json\/wp\/v2\/pages"}],"about":[{"href":"https:\/\/stellariafilm.com\/en_gb\/wp-json\/wp\/v2\/types\/page"}],"author":[{"embeddable":true,"href":"https:\/\/stellariafilm.com\/en_gb\/wp-json\/wp\/v2\/users\/1"}],"replies":[{"embeddable":true,"href":"https:\/\/stellariafilm.com\/en_gb\/wp-json\/wp\/v2\/comments?post=6558"}],"version-history":[{"count":13,"href":"https:\/\/stellariafilm.com\/en_gb\/wp-json\/wp\/v2\/pages\/6558\/revisions"}],"predecessor-version":[{"id":6783,"href":"https:\/\/stellariafilm.com\/en_gb\/wp-json\/wp\/v2\/pages\/6558\/revisions\/6783"}],"wp:attachment":[{"href":"https:\/\/stellariafilm.com\/en_gb\/wp-json\/wp\/v2\/media?parent=6558"}],"curies":[{"name":"WP","href":"https:\/\/api.w.org\/{rel}","templated":true}]}}