{"id":2607,"date":"2023-03-16T11:46:49","date_gmt":"2023-03-16T11:46:49","guid":{"rendered":"https:\/\/firstframe.qodeinteractive.com\/?page_id=2607"},"modified":"2025-08-28T06:50:42","modified_gmt":"2025-08-28T06:50:42","slug":"contact","status":"publish","type":"page","link":"https:\/\/stellariafilm.com\/en_gb\/contact\/","title":{"rendered":"Contact Stellaria"},"content":{"rendered":"<div data-elementor-type=\"wp-page\" data-elementor-id=\"2607\" class=\"elementor elementor-2607\">\n\t\t\t\t\t\t<section class=\"elementor-section elementor-top-section elementor-element elementor-element-06c36a0 elementor-section-full_width elementor-section-height-default elementor-section-height-default qodef-elementor-image-no\" data-id=\"06c36a0\" data-element_type=\"section\">\n\t\t\t\t\t\t<div class=\"elementor-container elementor-column-gap-default\">\n\t\t\t\t\t<div class=\"elementor-column elementor-col-100 elementor-top-column elementor-element elementor-element-9ecc3c9\" data-id=\"9ecc3c9\" data-element_type=\"column\">\n\t\t\t<div class=\"elementor-widget-wrap elementor-element-populated\">\n\t\t\t\t\t\t<div class=\"elementor-element elementor-element-2a6e627 elementor-widget elementor-widget-firstframe_core_google_map\" data-id=\"2a6e627\" data-element_type=\"widget\" data-widget_type=\"firstframe_core_google_map.default\">\n\t\t\t\t<div class=\"elementor-widget-container\">\n\t\t\t\t\t<div class=\"qodef-shortcode qodef-m qodef-google-map\">\n\t<div class=\"qodef-m-map\" id=\"qodef-map-id--258\" data-addresses='[\"162 E End Rd, London N2 0TA, UK\"]' data-pin=\"https:\/\/stellariafilm.com\/wp-content\/uploads\/2023\/05\/map-pin.png\" data-unique-id=\"258\" data-height=\"600\"><\/div>\n<\/div>\n\t\t\t\t<\/div>\n\t\t\t\t<\/div>\n\t\t\t\t\t<\/div>\n\t\t<\/div>\n\t\t\t\t\t<\/div>\n\t\t<\/section>\n\t\t\t\t<section class=\"elementor-section elementor-top-section elementor-element elementor-element-3f27f7e elementor-section-full_width qodef-elementor-content-grid elementor-section-height-default elementor-section-height-default qodef-elementor-image-no\" data-id=\"3f27f7e\" data-element_type=\"section\">\n\t\t\t\t\t\t<div class=\"elementor-container elementor-column-gap-default\">\n\t\t\t\t\t<div class=\"elementor-column elementor-col-50 elementor-top-column elementor-element elementor-element-a17729b\" data-id=\"a17729b\" data-element_type=\"column\">\n\t\t\t<div class=\"elementor-widget-wrap elementor-element-populated\">\n\t\t\t\t\t\t<div class=\"elementor-element elementor-element-15a4b15 elementor-widget elementor-widget-firstframe_core_section_title\" data-id=\"15a4b15\" data-element_type=\"widget\" data-widget_type=\"firstframe_core_section_title.default\">\n\t\t\t\t<div class=\"elementor-widget-container\">\n\t\t\t\t\t<div class=\"qodef-shortcode qodef-m qodef-section-title qodef-alignment--left\">\n\t\t<h2 class=\"qodef-m-title\" >\n\t\t\t\t\tHave you a story <mark>What to say? <\/mark>\t\t\t<\/h2>\n\t\t<p class=\"qodef-m-text\" style=\"margin-top: 13px\">Write to us and let's transform it together into a memorable project \u2013 be it a film that leaves its mark, a music video full of emotion and energy, an advertisement that wins over the audience, a successful podcast or an authentic story for social media.<\/p>\n<\/div>\n\t\t\t\t<\/div>\n\t\t\t\t<\/div>\n\t\t\t\t<div class=\"elementor-element elementor-element-5f42810e elementor-widget__width-auto qodef--has-custom-underline elementor-widget elementor-widget-text-editor\" data-id=\"5f42810e\" data-element_type=\"widget\" data-widget_type=\"text-editor.default\">\n\t\t\t\t\t\t\t\t\t<p><a href=\"https:\/\/instagram.com\/leximaria19\" target=\"_blank\" rel=\"noopener\">INSTAGRAM.<\/a><\/p>\t\t\t\t\t\t\t\t<\/div>\n\t\t\t\t\t<\/div>\n\t\t<\/div>\n\t\t\t\t<div class=\"elementor-column elementor-col-50 elementor-top-column elementor-element elementor-element-01d2bda\" data-id=\"01d2bda\" data-element_type=\"column\">\n\t\t\t<div class=\"elementor-widget-wrap elementor-element-populated\">\n\t\t\t\t\t\t<div class=\"elementor-element elementor-element-7faab6ce elementor-widget__width-initial elementor-widget-tablet__width-initial elementor-widget elementor-widget-wp-widget-firstframe_core_contact_form_7\" data-id=\"7faab6ce\" data-element_type=\"widget\" data-widget_type=\"wp-widget-firstframe_core_contact_form_7.default\">\n\t\t\t\t<div class=\"elementor-widget-container\">\n\t\t\t\t\t\t\t\t<div class=\"qodef-contact-form-7\">\n\t\t\t\t\n<div class=\"wpcf7 no-js\" id=\"wpcf7-f2632-o1\" lang=\"en-US\" dir=\"ltr\" data-wpcf7-id=\"2632\">\n<div class=\"screen-reader-response\"><p role=\"status\" aria-live=\"polite\" aria-atomic=\"true\"><\/p> <ul><\/ul><\/div>\n<form action=\"\/en_gb\/wp-json\/wp\/v2\/pages\/2607#wpcf7-f2632-o1\" method=\"post\" class=\"wpcf7-form init\" aria-label=\"Contact form\" novalidate=\"novalidate\" data-status=\"init\" data-trp-original-action=\"\/en_gb\/wp-json\/wp\/v2\/pages\/2607#wpcf7-f2632-o1\">\n<fieldset class=\"hidden-fields-container\"><input type=\"hidden\" name=\"_wpcf7\" value=\"2632\" \/><input type=\"hidden\" name=\"_wpcf7_version\" value=\"6.1.1\" \/><input type=\"hidden\" name=\"_wpcf7_locale\" value=\"en_US\" \/><input type=\"hidden\" name=\"_wpcf7_unit_tag\" value=\"wpcf7-f2632-o1\" \/><input type=\"hidden\" name=\"_wpcf7_container_post\" value=\"0\" \/><input type=\"hidden\" name=\"_wpcf7_posted_data_hash\" value=\"\" \/>\n<\/fieldset>\n<div class=\"qodef-grid qodef-layout--columns qodef-col-num--2\">\n\n \n\n    <div class=\"qodef-grid-inner\">\n\n \n\n        <div class=\"qodef-grid-item\">\n\n \n\n             <span class=\"wpcf7-form-control-wrap\" data-name=\"your-name\"><input size=\"40\" maxlength=\"400\" class=\"wpcf7-form-control wpcf7-text wpcf7-validates-as-required\" aria-required=\"true\" aria-invalid=\"false\" placeholder=\"Name.\" value=\"\" type=\"text\" name=\"your-name\" \/><\/span>\n\n \n\n        <\/div>\n\n \n\n        <div class=\"qodef-grid-item\">\n\n \n\n             <span class=\"wpcf7-form-control-wrap\" data-name=\"your-email\"><input size=\"40\" maxlength=\"400\" class=\"wpcf7-form-control wpcf7-email wpcf7-validates-as-required wpcf7-text wpcf7-validates-as-email\" aria-required=\"true\" aria-invalid=\"false\" placeholder=\"Email...\" value=\"\" type=\"email\" name=\"your-email\" \/><\/span>\n\n \n\n        <\/div>\n\n \n\n    <\/div>\n\n \n\n<\/div>\n\n \n\n <div class=\"qodef-grid qodef-layout--columns qodef-col-num--1\">\n\n \n\n    <div class=\"qodef-grid-inner\">\n\n        <div class=\"qodef-grid-item\">\n\n            <span class=\"wpcf7-form-control-wrap\" data-name=\"your-message\"><textarea cols=\"40\" rows=\"10\" maxlength=\"2000\" class=\"wpcf7-form-control wpcf7-textarea\" aria-invalid=\"false\" placeholder=\"Messages...\" name=\"your-message\"><\/textarea><\/span>\n\n        <\/div>\n\n    <\/div>\n\n \n\n<\/div>\n\n \n\n<div class=\"qodef-grid qodef-layout--columns qodef-col-num--1\">\n\n \n\n    <div class=\"qodef-grid-inner\">\n\n \n\n        <div class=\"qodef-grid-item\">\n\n \n\n            <button class=\"wpcf7-form-control wpcf7-submit qodef-button qodef-size--normal qodef-layout--filled qodef-m\" type=\"submit\"><span class=\"qodef-m-text\">Send message<\/span><\/button>\n\n \n\n        <\/div>\n\n \n\n    <\/div>\n\n \n\n<\/div><div class=\"wpcf7-response-output\" aria-hidden=\"true\"><\/div>\n<input type=\"hidden\" name=\"trp-form-language\" value=\"en_gb\"\/><\/form>\n<\/div>\n\t\t\t<\/div>\n\t\t\t\t\t\t\t<\/div>\n\t\t\t\t<\/div>\n\t\t\t\t\t<\/div>\n\t\t<\/div>\n\t\t\t\t\t<\/div>\n\t\t<\/section>\n\t\t\t\t<section class=\"elementor-section elementor-top-section elementor-element elementor-element-7dc3d0c elementor-section-full_width qodef-elementor-content-grid elementor-section-height-default elementor-section-height-default qodef-elementor-image-no\" data-id=\"7dc3d0c\" data-element_type=\"section\">\n\t\t\t\t\t\t<div class=\"elementor-container elementor-column-gap-default\">\n\t\t\t\t\t<div class=\"elementor-column elementor-col-25 elementor-top-column elementor-element elementor-element-18d8fa7\" data-id=\"18d8fa7\" data-element_type=\"column\">\n\t\t\t<div class=\"elementor-widget-wrap elementor-element-populated\">\n\t\t\t\t\t\t<div class=\"elementor-element elementor-element-677e889 elementor-widget elementor-widget-firstframe_core_section_title\" data-id=\"677e889\" data-element_type=\"widget\" data-widget_type=\"firstframe_core_section_title.default\">\n\t\t\t\t<div class=\"elementor-widget-container\">\n\t\t\t\t\t<div class=\"qodef-shortcode qodef-m qodef-section-title qodef-alignment--left\">\n\t\t<h5 class=\"qodef-m-title\" >\n\t\t\t\t\tBucharest\t\t\t<\/h5>\n\t<\/div>\n\t\t\t\t<\/div>\n\t\t\t\t<\/div>\n\t\t\t\t<div class=\"elementor-element elementor-element-d31860a elementor-widget elementor-widget-firstframe_core_icon_with_text\" data-id=\"d31860a\" data-element_type=\"widget\" data-widget_type=\"firstframe_core_icon_with_text.default\">\n\t\t\t\t<div class=\"elementor-widget-container\">\n\t\t\t\t\t<div class=\"qodef-shortcode qodef-m qodef-icon-with-text qodef-layout--before-content qodef--custom-icon\">\n\t<div class=\"qodef-m-icon-wrapper\" >\n\t\t\t\t\t<a itemprop=\"url\" href=\"https:\/\/www.google.com\/maps\/place\/Av.+de+Roma+58,+1700-349+Lisboa,+%D0%9F%D0%BE%D1%80%D1%82%D1%83%D0%B3%D0%B0%D0%BB%D0%B8%D1%98%D0%B0\/@38.7496967,-9.1442158,17z\/data=!3m1!4b1!4m15!1m8!3m7!1s0xd19331a61e4f33b:0x400ebbde49036d0!2z0JvQuNGB0LDQsdC-0L0sINCf0L7RgNGC0YPQs9Cw0LvQuNGY0LA!3b1!8m2!3d38.7222524!4d-9.1393366!16zL20vMDRsbGI!3m5!1s0xd1933abd9b0212b:0x1ce5454514083163!8m2!3d38.7496925!4d-9.1420271!16s%2Fg%2F11g61f9r2g\" target=\"_self\">\n\t\t\t<img decoding=\"async\" width=\"10\" height=\"10\" src=\"https:\/\/stellariafilm.com\/wp-content\/uploads\/2023\/03\/icon.png\" class=\"attachment-full size-full\" alt=\"c\" \/>\t\t\t<\/a>\n\t\t<\/div>\n\t<div class=\"qodef-m-content\">\n\t\t\t\t\t<a itemprop=\"url\" href=\"https:\/\/www.google.com\/maps\/place\/Av.+de+Roma+58,+1700-349+Lisboa,+%D0%9F%D0%BE%D1%80%D1%82%D1%83%D0%B3%D0%B0%D0%BB%D0%B8%D1%98%D0%B0\/@38.7496967,-9.1442158,17z\/data=!3m1!4b1!4m15!1m8!3m7!1s0xd19331a61e4f33b:0x400ebbde49036d0!2z0JvQuNGB0LDQsdC-0L0sINCf0L7RgNGC0YPQs9Cw0LvQuNGY0LA!3b1!8m2!3d38.7222524!4d-9.1393366!16zL20vMDRsbGI!3m5!1s0xd1933abd9b0212b:0x1ce5454514083163!8m2!3d38.7496925!4d-9.1420271!16s%2Fg%2F11g61f9r2g\" target=\"_self\">\n\t\t\t\t\t\t\t\t\t<p class=\"qodef-m-text\" style=\"margin-top: -7px\">15 Avenue de Roma, Lisbon<\/p>\n\t\t\t\t\t<\/a>\n\t\t\t<\/div>\n<\/div>\n\t\t\t\t<\/div>\n\t\t\t\t<\/div>\n\t\t\t\t<div class=\"elementor-element elementor-element-ede7b28 elementor-widget elementor-widget-firstframe_core_icon_with_text\" data-id=\"ede7b28\" data-element_type=\"widget\" data-widget_type=\"firstframe_core_icon_with_text.default\">\n\t\t\t\t<div class=\"elementor-widget-container\">\n\t\t\t\t\t<div class=\"qodef-shortcode qodef-m qodef-icon-with-text qodef-layout--before-content qodef--custom-icon\">\n\t<div class=\"qodef-m-icon-wrapper\" >\n\t\t\t\t\t<a itemprop=\"url\" href=\"tel:4%2020%207700%201007\" target=\"_self\">\n\t\t\t<img decoding=\"async\" width=\"10\" height=\"10\" src=\"https:\/\/stellariafilm.com\/wp-content\/uploads\/2023\/03\/icon.png\" class=\"attachment-full size-full\" alt=\"c\" \/>\t\t\t<\/a>\n\t\t<\/div>\n\t<div class=\"qodef-m-content\">\n\t\t\t\t\t<a itemprop=\"url\" href=\"tel:4%2020%207700%201007\" target=\"_self\">\n\t\t\t\t\t\t\t\t\t<p class=\"qodef-m-text\" style=\"margin-top: -7px\">4 20 7700 1007<\/p>\n\t\t\t\t\t<\/a>\n\t\t\t<\/div>\n<\/div>\n\t\t\t\t<\/div>\n\t\t\t\t<\/div>\n\t\t\t\t<div class=\"elementor-element elementor-element-f72c03b elementor-widget elementor-widget-firstframe_core_icon_with_text\" data-id=\"f72c03b\" data-element_type=\"widget\" data-widget_type=\"firstframe_core_icon_with_text.default\">\n\t\t\t\t<div class=\"elementor-widget-container\">\n\t\t\t\t\t<div class=\"qodef-shortcode qodef-m qodef-icon-with-text qodef-layout--before-content qodef--custom-icon\">\n\t<div class=\"qodef-m-icon-wrapper\" >\n\t\t\t\t\t<a itemprop=\"url\" href=\"mailto:firstframe@example.com\" target=\"_self\">\n\t\t\t<img decoding=\"async\" width=\"10\" height=\"10\" src=\"https:\/\/stellariafilm.com\/wp-content\/uploads\/2023\/03\/icon.png\" class=\"attachment-full size-full\" alt=\"c\" \/>\t\t\t<\/a>\n\t\t<\/div>\n\t<div class=\"qodef-m-content\">\n\t\t\t\t\t<a itemprop=\"url\" href=\"mailto:firstframe@example.com\" target=\"_self\">\n\t\t\t\t\t\t\t\t\t<p class=\"qodef-m-text\" style=\"margin-top: -7px\">firstframe@example.com<\/p>\n\t\t\t\t\t<\/a>\n\t\t\t<\/div>\n<\/div>\n\t\t\t\t<\/div>\n\t\t\t\t<\/div>\n\t\t\t\t\t<\/div>\n\t\t<\/div>\n\t\t\t\t<div class=\"elementor-column elementor-col-25 elementor-top-column elementor-element elementor-element-6232bcb\" data-id=\"6232bcb\" data-element_type=\"column\">\n\t\t\t<div class=\"elementor-widget-wrap elementor-element-populated\">\n\t\t\t\t\t\t<div class=\"elementor-element elementor-element-4fa033e elementor-widget elementor-widget-firstframe_core_section_title\" data-id=\"4fa033e\" data-element_type=\"widget\" data-widget_type=\"firstframe_core_section_title.default\">\n\t\t\t\t<div class=\"elementor-widget-container\">\n\t\t\t\t\t<div class=\"qodef-shortcode qodef-m qodef-section-title qodef-alignment--left\">\n\t\t<h5 class=\"qodef-m-title\" >\n\t\t\t\t\tLondon\t\t\t<\/h5>\n\t<\/div>\n\t\t\t\t<\/div>\n\t\t\t\t<\/div>\n\t\t\t\t<div class=\"elementor-element elementor-element-0b5dd12 elementor-widget elementor-widget-firstframe_core_icon_with_text\" data-id=\"0b5dd12\" data-element_type=\"widget\" data-widget_type=\"firstframe_core_icon_with_text.default\">\n\t\t\t\t<div class=\"elementor-widget-container\">\n\t\t\t\t\t<div class=\"qodef-shortcode qodef-m qodef-icon-with-text qodef-layout--before-content qodef--custom-icon\">\n\t<div class=\"qodef-m-icon-wrapper\" >\n\t\t\t\t\t<a itemprop=\"url\" href=\"https:\/\/www.google.com\/maps\/place\/Av.+de+Roma+58,+1700-349+Lisboa,+%D0%9F%D0%BE%D1%80%D1%82%D1%83%D0%B3%D0%B0%D0%BB%D0%B8%D1%98%D0%B0\/@38.7496967,-9.1442158,17z\/data=!3m1!4b1!4m15!1m8!3m7!1s0xd19331a61e4f33b:0x400ebbde49036d0!2z0JvQuNGB0LDQsdC-0L0sINCf0L7RgNGC0YPQs9Cw0LvQuNGY0LA!3b1!8m2!3d38.7222524!4d-9.1393366!16zL20vMDRsbGI!3m5!1s0xd1933abd9b0212b:0x1ce5454514083163!8m2!3d38.7496925!4d-9.1420271!16s%2Fg%2F11g61f9r2g\" target=\"_self\">\n\t\t\t<img decoding=\"async\" width=\"10\" height=\"10\" src=\"https:\/\/stellariafilm.com\/wp-content\/uploads\/2023\/03\/icon.png\" class=\"attachment-full size-full\" alt=\"c\" \/>\t\t\t<\/a>\n\t\t<\/div>\n\t<div class=\"qodef-m-content\">\n\t\t\t\t\t<a itemprop=\"url\" href=\"https:\/\/www.google.com\/maps\/place\/Av.+de+Roma+58,+1700-349+Lisboa,+%D0%9F%D0%BE%D1%80%D1%82%D1%83%D0%B3%D0%B0%D0%BB%D0%B8%D1%98%D0%B0\/@38.7496967,-9.1442158,17z\/data=!3m1!4b1!4m15!1m8!3m7!1s0xd19331a61e4f33b:0x400ebbde49036d0!2z0JvQuNGB0LDQsdC-0L0sINCf0L7RgNGC0YPQs9Cw0LvQuNGY0LA!3b1!8m2!3d38.7222524!4d-9.1393366!16zL20vMDRsbGI!3m5!1s0xd1933abd9b0212b:0x1ce5454514083163!8m2!3d38.7496925!4d-9.1420271!16s%2Fg%2F11g61f9r2g\" target=\"_self\">\n\t\t\t\t\t\t\t\t\t<p class=\"qodef-m-text\" style=\"margin-top: -7px\">15 Avenue de Roma, Lisbon<\/p>\n\t\t\t\t\t<\/a>\n\t\t\t<\/div>\n<\/div>\n\t\t\t\t<\/div>\n\t\t\t\t<\/div>\n\t\t\t\t<div class=\"elementor-element elementor-element-ef8c505 elementor-widget elementor-widget-firstframe_core_icon_with_text\" data-id=\"ef8c505\" data-element_type=\"widget\" data-widget_type=\"firstframe_core_icon_with_text.default\">\n\t\t\t\t<div class=\"elementor-widget-container\">\n\t\t\t\t\t<div class=\"qodef-shortcode qodef-m qodef-icon-with-text qodef-layout--before-content qodef--custom-icon\">\n\t<div class=\"qodef-m-icon-wrapper\" >\n\t\t\t\t\t<a itemprop=\"url\" href=\"tel:4%2020%207700%201007\" target=\"_self\">\n\t\t\t<img decoding=\"async\" width=\"10\" height=\"10\" src=\"https:\/\/stellariafilm.com\/wp-content\/uploads\/2023\/03\/icon.png\" class=\"attachment-full size-full\" alt=\"c\" \/>\t\t\t<\/a>\n\t\t<\/div>\n\t<div class=\"qodef-m-content\">\n\t\t\t\t\t<a itemprop=\"url\" href=\"tel:4%2020%207700%201007\" target=\"_self\">\n\t\t\t\t\t\t\t\t\t<p class=\"qodef-m-text\" style=\"margin-top: -7px\">4 20 7700 1007<\/p>\n\t\t\t\t\t<\/a>\n\t\t\t<\/div>\n<\/div>\n\t\t\t\t<\/div>\n\t\t\t\t<\/div>\n\t\t\t\t<div class=\"elementor-element elementor-element-71f76f7 elementor-widget elementor-widget-firstframe_core_icon_with_text\" data-id=\"71f76f7\" data-element_type=\"widget\" data-widget_type=\"firstframe_core_icon_with_text.default\">\n\t\t\t\t<div class=\"elementor-widget-container\">\n\t\t\t\t\t<div class=\"qodef-shortcode qodef-m qodef-icon-with-text qodef-layout--before-content qodef--custom-icon\">\n\t<div class=\"qodef-m-icon-wrapper\" >\n\t\t\t\t\t<a itemprop=\"url\" href=\"mailto:firstframe@example.com\" target=\"_self\">\n\t\t\t<img decoding=\"async\" width=\"10\" height=\"10\" src=\"https:\/\/stellariafilm.com\/wp-content\/uploads\/2023\/03\/icon.png\" class=\"attachment-full size-full\" alt=\"c\" \/>\t\t\t<\/a>\n\t\t<\/div>\n\t<div class=\"qodef-m-content\">\n\t\t\t\t\t<a itemprop=\"url\" href=\"mailto:firstframe@example.com\" target=\"_self\">\n\t\t\t\t\t\t\t\t\t<p class=\"qodef-m-text\" style=\"margin-top: -7px\">firstframe@example.com<\/p>\n\t\t\t\t\t<\/a>\n\t\t\t<\/div>\n<\/div>\n\t\t\t\t<\/div>\n\t\t\t\t<\/div>\n\t\t\t\t\t<\/div>\n\t\t<\/div>\n\t\t\t\t<div class=\"elementor-column elementor-col-25 elementor-top-column elementor-element elementor-element-af5b6b0\" data-id=\"af5b6b0\" data-element_type=\"column\">\n\t\t\t<div class=\"elementor-widget-wrap elementor-element-populated\">\n\t\t\t\t\t\t<div class=\"elementor-element elementor-element-0da5d97 elementor-widget elementor-widget-image\" data-id=\"0da5d97\" data-element_type=\"widget\" data-widget_type=\"image.default\">\n\t\t\t\t\t\t\t\t\t\t\t\t\t\t\t<img fetchpriority=\"high\" decoding=\"async\" width=\"853\" height=\"853\" src=\"https:\/\/stellariafilm.com\/wp-content\/uploads\/2025\/08\/stellaria-casa-de-productie-filme-1.jpg\" class=\"attachment-large size-large wp-image-6513\" alt=\"\" srcset=\"https:\/\/stellariafilm.com\/wp-content\/uploads\/2025\/08\/stellaria-casa-de-productie-filme-1.jpg 853w, https:\/\/stellariafilm.com\/wp-content\/uploads\/2025\/08\/stellaria-casa-de-productie-filme-1-300x300.jpg 300w, https:\/\/stellariafilm.com\/wp-content\/uploads\/2025\/08\/stellaria-casa-de-productie-filme-1-150x150.jpg 150w, https:\/\/stellariafilm.com\/wp-content\/uploads\/2025\/08\/stellaria-casa-de-productie-filme-1-768x768.jpg 768w, https:\/\/stellariafilm.com\/wp-content\/uploads\/2025\/08\/stellaria-casa-de-productie-filme-1-650x650.jpg 650w, https:\/\/stellariafilm.com\/wp-content\/uploads\/2025\/08\/stellaria-casa-de-productie-filme-1-600x600.jpg 600w, https:\/\/stellariafilm.com\/wp-content\/uploads\/2025\/08\/stellaria-casa-de-productie-filme-1-100x100.jpg 100w\" sizes=\"(max-width: 853px) 100vw, 853px\" \/>\t\t\t\t\t\t\t\t\t\t\t\t\t\t\t<\/div>\n\t\t\t\t\t<\/div>\n\t\t<\/div>\n\t\t\t\t<div class=\"elementor-column elementor-col-25 elementor-top-column elementor-element elementor-element-68643da\" data-id=\"68643da\" data-element_type=\"column\">\n\t\t\t<div class=\"elementor-widget-wrap elementor-element-populated\">\n\t\t\t\t\t\t<div class=\"elementor-element elementor-element-567277f elementor-widget elementor-widget-text-editor\" data-id=\"567277f\" data-element_type=\"widget\" data-widget_type=\"text-editor.default\">\n\t\t\t\t\t\t\t\t\t<p style=\"text-align: center;\">\u201eAt La Stellaria, we believe every story deserves to be told in the right form and reach the people who need to hear it.\u201d<\/p><p>\u00a0<\/p><p style=\"text-align: center;\"><em><strong>With stardust, Alexia Tataru\u00a0<\/strong><\/em><\/p>\t\t\t\t\t\t\t\t<\/div>\n\t\t\t\t\t<\/div>\n\t\t<\/div>\n\t\t\t\t\t<\/div>\n\t\t<\/section>\n\t\t\t\t<section class=\"elementor-section elementor-top-section elementor-element elementor-element-54d22a6 elementor-section-full_width elementor-section-height-default elementor-section-height-default qodef-elementor-image-no\" data-id=\"54d22a6\" data-element_type=\"section\">\n\t\t\t\t\t\t<div class=\"elementor-container elementor-column-gap-default\">\n\t\t\t\t\t<div class=\"elementor-column elementor-col-100 elementor-top-column elementor-element elementor-element-afc3b2c\" data-id=\"afc3b2c\" data-element_type=\"column\">\n\t\t\t<div class=\"elementor-widget-wrap elementor-element-populated\">\n\t\t\t\t\t\t<div class=\"elementor-element elementor-element-9703a20 elementor-widget elementor-widget-firstframe_core_text_marquee\" data-id=\"9703a20\" data-element_type=\"widget\" data-widget_type=\"firstframe_core_text_marquee.default\">\n\t\t\t\t<div class=\"elementor-widget-container\">\n\t\t\t\t\t<div class=\"qodef-shortcode qodef-m qodef-text-marquee qodef-text-marquee-719 qodef-layout--default qodef-direction--left\" style=\"--qode-marquee-duration:40s\">\n\t<div class=\"qodef-m-content\" >\n\t\t<div class=\"qodef-m-content-inner\">\n\t\t\t\t\t\t\t<span class=\"qodef-m-text-1\" style=\"color:#EBEAE9\">\n\t\t\t\t\tthe road to the stars\t\t\t\t<\/span>\n\t\t\t\t\t\t\t\t\t\t<span class=\"qodef-m-separator\" >\n\t\t\t\t\t*\t\t\t\t<\/span>\n\t\t\t\t\t\t\t\t\t\t<span class=\"qodef-m-text-2\" style=\"color:#EBEAE9\">\n\t\t\t\t\tStellaria\t\t\t\t<\/span>\n\t\t\t\t\t\t\t\t\t\t<span class=\"qodef-m-separator\" >\n\t\t\t\t\t*\t\t\t\t<\/span>\n\t\t\t\t\t\t\t\t\t\t\t\t\t<span class=\"qodef-m-separator\" >\n\t\t\t\t\t*\t\t\t\t<\/span>\n\t\t\t\t\t<\/div>\n\t<\/div>\n<\/div>\t\t\t\t<\/div>\n\t\t\t\t<\/div>\n\t\t\t\t\t<\/div>\n\t\t<\/div>\n\t\t\t\t\t<\/div>\n\t\t<\/section>\n\t\t\t\t<\/div>","protected":false},"excerpt":{"rendered":"<p>Ai o poveste de spus? Scrie-ne \u0219i hai s\u0103 o transform\u0103m \u00eempreun\u0103 \u00eentr-un proiect memorabil \u2013 fie c\u0103 e un film care las\u0103 urme, un videoclip muzical cu emo\u021bie \u0219i energie, un spot publicitar care cucere\u0219te publicul, un podcast de succes sau o poveste autentic\u0103 pentru social media. INSTAGRAM. Bucuresti Avenue de Roma 15, Lisboa [&hellip;]<\/p>","protected":false},"author":1,"featured_media":0,"parent":0,"menu_order":0,"comment_status":"closed","ping_status":"closed","template":"page-full-width.php","meta":{"pagelayer_contact_templates":[],"_pagelayer_content":"","footnotes":""},"class_list":["post-2607","page","type-page","status-publish","hentry"],"_links":{"self":[{"href":"https:\/\/stellariafilm.com\/en_gb\/wp-json\/wp\/v2\/pages\/2607","targetHints":{"allow":["GET"]}}],"collection":[{"href":"https:\/\/stellariafilm.com\/en_gb\/wp-json\/wp\/v2\/pages"}],"about":[{"href":"https:\/\/stellariafilm.com\/en_gb\/wp-json\/wp\/v2\/types\/page"}],"author":[{"embeddable":true,"href":"https:\/\/stellariafilm.com\/en_gb\/wp-json\/wp\/v2\/users\/1"}],"replies":[{"embeddable":true,"href":"https:\/\/stellariafilm.com\/en_gb\/wp-json\/wp\/v2\/comments?post=2607"}],"version-history":[{"count":7,"href":"https:\/\/stellariafilm.com\/en_gb\/wp-json\/wp\/v2\/pages\/2607\/revisions"}],"predecessor-version":[{"id":6674,"href":"https:\/\/stellariafilm.com\/en_gb\/wp-json\/wp\/v2\/pages\/2607\/revisions\/6674"}],"wp:attachment":[{"href":"https:\/\/stellariafilm.com\/en_gb\/wp-json\/wp\/v2\/media?parent=2607"}],"curies":[{"name":"WP","href":"https:\/\/api.w.org\/{rel}","templated":true}]}}