{"id":2091,"date":"2023-03-15T09:38:04","date_gmt":"2023-03-15T09:38:04","guid":{"rendered":"https:\/\/firstframe.qodeinteractive.com\/?page_id=2091"},"modified":"2025-09-01T08:10:33","modified_gmt":"2025-09-01T08:10:33","slug":"actrita-alexia-tataru","status":"publish","type":"page","link":"https:\/\/stellariafilm.com\/en_gb\/actrita-alexia-tataru\/","title":{"rendered":"Actrita Alexia Tataru"},"content":{"rendered":"<div data-elementor-type=\"wp-page\" data-elementor-id=\"2091\" class=\"elementor elementor-2091\">\n\t\t\t\t\t\t<section class=\"elementor-section elementor-top-section elementor-element elementor-element-ea942b2 elementor-section-full_width elementor-section-height-default elementor-section-height-default qodef-elementor-image-no\" data-id=\"ea942b2\" data-element_type=\"section\">\n\t\t\t\t\t\t<div class=\"elementor-container elementor-column-gap-default\">\n\t\t\t\t\t<div class=\"elementor-column elementor-col-50 elementor-top-column elementor-element elementor-element-6f8bb17\" data-id=\"6f8bb17\" data-element_type=\"column\">\n\t\t\t<div class=\"elementor-widget-wrap elementor-element-populated\">\n\t\t\t\t\t\t<div class=\"elementor-element elementor-element-96027f9 elementor-widget elementor-widget-firstframe_core_section_title\" data-id=\"96027f9\" data-element_type=\"widget\" data-widget_type=\"firstframe_core_section_title.default\">\n\t\t\t\t<div class=\"elementor-widget-container\">\n\t\t\t\t\t<div class=\"qodef-shortcode qodef-m qodef-section-title qodef-alignment--left\">\n\t\t<h2 class=\"qodef-m-title\" style=\"color: #000000\">\n\t\t\t\t\tAlexia Tataru <mark>Actress &amp; Producer<\/mark>\t\t\t<\/h2>\n\t<\/div>\n\t\t\t\t<\/div>\n\t\t\t\t<\/div>\n\t\t\t\t<div class=\"elementor-element elementor-element-6e04de7 elementor-hidden-tablet elementor-hidden-mobile elementor-widget elementor-widget-firstframe_core_single_image\" data-id=\"6e04de7\" data-element_type=\"widget\" data-widget_type=\"firstframe_core_single_image.default\">\n\t\t\t\t<div class=\"elementor-widget-container\">\n\t\t\t\t\t<div class=\"qodef-shortcode qodef-m qodef-single-image qodef-layout--default\">\n\t<\/div>\n\t\t\t\t<\/div>\n\t\t\t\t<\/div>\n\t\t\t\t<div class=\"elementor-element elementor-element-1c3d1e4 elementor-widget elementor-widget-firstframe_core_section_title\" data-id=\"1c3d1e4\" data-element_type=\"widget\" data-widget_type=\"firstframe_core_section_title.default\">\n\t\t\t\t<div class=\"elementor-widget-container\">\n\t\t\t\t\t<div class=\"qodef-shortcode qodef-m qodef-section-title qodef-alignment--left\">\n\t\t<h5 class=\"qodef-m-title\" style=\"color: #000000\">\n\t\t\t\t\tEXPERIENCE\t\t\t<\/h5>\n\t<\/div>\n\t\t\t\t<\/div>\n\t\t\t\t<\/div>\n\t\t\t\t<div class=\"elementor-element elementor-element-75253e7 elementor-widget elementor-widget-firstframe_core_icon_with_text\" data-id=\"75253e7\" data-element_type=\"widget\" data-widget_type=\"firstframe_core_icon_with_text.default\">\n\t\t\t\t<div class=\"elementor-widget-container\">\n\t\t\t\t\t<div class=\"qodef-shortcode qodef-m qodef-icon-with-text qodef-layout--before-content qodef--custom-icon\">\n\t<div class=\"qodef-m-icon-wrapper\" >\n\t\t\t\t\t<img decoding=\"async\" width=\"7\" height=\"7\" src=\"https:\/\/stellariafilm.com\/wp-content\/uploads\/2023\/03\/pages-icon.png\" class=\"attachment-full size-full\" alt=\"k\" \/>\t\t<\/div>\n\t<div class=\"qodef-m-content\">\n\t\t\t\t\t\t\t\t\t<p class=\"qodef-m-text\" style=\"margin-top: -7px;color: #121212\">\u201cBright Lights of Little Paris\u201d (2024) \u2013 supporting role, playing Alexia, the main character's daughter, alongside Maia Morgenstern.<\/p>\n\t\t\t<\/div>\n<\/div>\n\t\t\t\t<\/div>\n\t\t\t\t<\/div>\n\t\t\t\t<div class=\"elementor-element elementor-element-966b416 elementor-widget elementor-widget-firstframe_core_icon_with_text\" data-id=\"966b416\" data-element_type=\"widget\" data-widget_type=\"firstframe_core_icon_with_text.default\">\n\t\t\t\t<div class=\"elementor-widget-container\">\n\t\t\t\t\t<div class=\"qodef-shortcode qodef-m qodef-icon-with-text qodef-layout--before-content qodef--custom-icon\">\n\t<div class=\"qodef-m-icon-wrapper\" >\n\t\t\t\t\t<img decoding=\"async\" width=\"7\" height=\"7\" src=\"https:\/\/stellariafilm.com\/wp-content\/uploads\/2023\/03\/pages-icon.png\" class=\"attachment-full size-full\" alt=\"k\" \/>\t\t<\/div>\n\t<div class=\"qodef-m-content\">\n\t\t\t\t\t\t\t\t\t<p class=\"qodef-m-text\" style=\"margin-top: -7px;color: #121212\">Film directed by Dan Chi\u0219u (2025) \u2013 role as a teenage IT genius who develops AI technologies, where Alexia even learned Romanian Sign Language for a special scene. She also contributed to the production side: budget, locations, casting, and rehearsals.<\/p>\n\t\t\t<\/div>\n<\/div>\n\t\t\t\t<\/div>\n\t\t\t\t<\/div>\n\t\t\t\t<div class=\"elementor-element elementor-element-8c78c70 elementor-widget elementor-widget-firstframe_core_icon_with_text\" data-id=\"8c78c70\" data-element_type=\"widget\" data-widget_type=\"firstframe_core_icon_with_text.default\">\n\t\t\t\t<div class=\"elementor-widget-container\">\n\t\t\t\t\t<div class=\"qodef-shortcode qodef-m qodef-icon-with-text qodef-layout--before-content qodef--custom-icon\">\n\t<div class=\"qodef-m-icon-wrapper\" >\n\t\t\t\t\t<img decoding=\"async\" width=\"7\" height=\"7\" src=\"https:\/\/stellariafilm.com\/wp-content\/uploads\/2023\/03\/pages-icon.png\" class=\"attachment-full size-full\" alt=\"k\" \/>\t\t<\/div>\n\t<div class=\"qodef-m-content\">\n\t\t\t\t\t\t\t\t\t<p class=\"qodef-m-text\" style=\"margin-top: -7px;color: #121212\">The \u201cSamca\u201d Case (2025) \u2013 Ioana Av\u0103d\u0103nei\u2019s role as the main character's cousin, in a production with Mihaela Trofimov and Emilian Oprea, where she also had production and on-set logistics coordination responsibilities.<\/p>\n\t\t\t<\/div>\n<\/div>\n\t\t\t\t<\/div>\n\t\t\t\t<\/div>\n\t\t\t\t<div class=\"elementor-element elementor-element-f43d327 elementor-widget elementor-widget-firstframe_core_icon_with_text\" data-id=\"f43d327\" data-element_type=\"widget\" data-widget_type=\"firstframe_core_icon_with_text.default\">\n\t\t\t\t<div class=\"elementor-widget-container\">\n\t\t\t\t\t<div class=\"qodef-shortcode qodef-m qodef-icon-with-text qodef-layout--before-content qodef--custom-icon\">\n\t<div class=\"qodef-m-icon-wrapper\" >\n\t\t\t\t\t<img decoding=\"async\" width=\"7\" height=\"7\" src=\"https:\/\/stellariafilm.com\/wp-content\/uploads\/2023\/03\/pages-icon.png\" class=\"attachment-full size-full\" alt=\"k\" \/>\t\t<\/div>\n\t<div class=\"qodef-m-content\">\n\t\t\t\t\t\t\t\t\t<p class=\"qodef-m-text\" style=\"margin-top: -7px;color: #121212\">\u201cFata Morgana\u201d \u2013 Close Vibe music video \u2013 an expressive role of a seductive ghost, for which Alexia created the make-up and costume concept.<\/p>\n\t\t\t<\/div>\n<\/div>\n\t\t\t\t<\/div>\n\t\t\t\t<\/div>\n\t\t\t\t<div class=\"elementor-element elementor-element-3912af7 elementor-widget elementor-widget-firstframe_core_icon_with_text\" data-id=\"3912af7\" data-element_type=\"widget\" data-widget_type=\"firstframe_core_icon_with_text.default\">\n\t\t\t\t<div class=\"elementor-widget-container\">\n\t\t\t\t\t<div class=\"qodef-shortcode qodef-m qodef-icon-with-text qodef-layout--before-content qodef--custom-icon\">\n\t<div class=\"qodef-m-icon-wrapper\" >\n\t\t\t\t\t<img decoding=\"async\" width=\"7\" height=\"7\" src=\"https:\/\/stellariafilm.com\/wp-content\/uploads\/2023\/03\/pages-icon.png\" class=\"attachment-full size-full\" alt=\"k\" \/>\t\t<\/div>\n\t<div class=\"qodef-m-content\">\n\t\t\t\t\t\t\t\t\t<p class=\"qodef-m-text\" style=\"margin-top: -7px;color: #121212\">NN Insurance Advertisement (2025) \u2013 featured extra, setting the hospital atmosphere through the role of a nurse.<\/p>\n\t\t\t<\/div>\n<\/div>\n\t\t\t\t<\/div>\n\t\t\t\t<\/div>\n\t\t\t\t<div class=\"elementor-element elementor-element-34c265aa elementor-widget__width-auto qodef--has-custom-underline elementor-widget elementor-widget-text-editor\" data-id=\"34c265aa\" data-element_type=\"widget\" data-widget_type=\"text-editor.default\">\n\t\t\t\t\t\t\t\t\t<p><a href=\"https:\/\/instagram.com\/leximaria19\" target=\"_blank\" rel=\"noopener\">INSTAGRAM.<\/a><\/p>\t\t\t\t\t\t\t\t<\/div>\n\t\t\t\t\t<\/div>\n\t\t<\/div>\n\t\t\t\t<div class=\"elementor-column elementor-col-50 elementor-top-column elementor-element elementor-element-fdfa5bd\" data-id=\"fdfa5bd\" data-element_type=\"column\">\n\t\t\t<div class=\"elementor-widget-wrap elementor-element-populated\">\n\t\t\t\t\t\t<div class=\"elementor-element elementor-element-fa83a1c elementor-widget elementor-widget-firstframe_core_single_image\" data-id=\"fa83a1c\" data-element_type=\"widget\" data-widget_type=\"firstframe_core_single_image.default\">\n\t\t\t\t<div class=\"elementor-widget-container\">\n\t\t\t\t\t<div class=\"qodef-shortcode qodef-m qodef-single-image qodef-layout--default\">\n\t\t\t<div class=\"qodef-m-image\">\n\t\t\t\t\t\t\t\t<img fetchpriority=\"high\" decoding=\"async\" width=\"853\" height=\"853\" src=\"https:\/\/stellariafilm.com\/wp-content\/uploads\/2025\/08\/stellaria-casa-de-productie-filme-1.jpg\" class=\"attachment-full size-full\" alt=\"\" srcset=\"https:\/\/stellariafilm.com\/wp-content\/uploads\/2025\/08\/stellaria-casa-de-productie-filme-1.jpg 853w, https:\/\/stellariafilm.com\/wp-content\/uploads\/2025\/08\/stellaria-casa-de-productie-filme-1-300x300.jpg 300w, https:\/\/stellariafilm.com\/wp-content\/uploads\/2025\/08\/stellaria-casa-de-productie-filme-1-150x150.jpg 150w, https:\/\/stellariafilm.com\/wp-content\/uploads\/2025\/08\/stellaria-casa-de-productie-filme-1-768x768.jpg 768w, https:\/\/stellariafilm.com\/wp-content\/uploads\/2025\/08\/stellaria-casa-de-productie-filme-1-650x650.jpg 650w, https:\/\/stellariafilm.com\/wp-content\/uploads\/2025\/08\/stellaria-casa-de-productie-filme-1-600x600.jpg 600w, https:\/\/stellariafilm.com\/wp-content\/uploads\/2025\/08\/stellaria-casa-de-productie-filme-1-100x100.jpg 100w\" sizes=\"(max-width: 853px) 100vw, 853px\" \/>\t\t\t\t\t\t\t<\/div>\n\t<\/div>\n\t\t\t\t<\/div>\n\t\t\t\t<\/div>\n\t\t\t\t<div class=\"elementor-element elementor-element-23813a6 elementor-widget elementor-widget-text-editor\" data-id=\"23813a6\" data-element_type=\"widget\" data-widget_type=\"text-editor.default\">\n\t\t\t\t\t\t\t\t\t<p data-start=\"325\" data-end=\"768\">Alexia-Maria T\u0103taru is a young Romanian actress at the beginning of a promising film career, combining artistic talent with strong involvement in film production. A graduate of <strong data-start=\"530\" data-end=\"574\">\u201eIon Luca Caragiale\u201d National College\u201d<\/strong> From Bucharest, Alexia pursued her passion for acting by choosing to study <strong data-start=\"652\" data-end=\"694\">Screen Acting at MetFilm School London<\/strong> (2025\u20132028), one of Europe's most prestigious film schools.<\/p><p data-start=\"770\" data-end=\"1070\">Alongside her studies, Alexia has already gained remarkable experience in film and theatre projects, acting in films, short films, music videos and commercials, as well as getting involved in <strong data-start=\"972\" data-end=\"1010\">Production and artistic coordination<\/strong> of some projects through <strong data-start=\"1032\" data-end=\"1045\">Stellaria<\/strong>, production house.<\/p><p data-start=\"2040\" data-end=\"2423\">Besides film projects, Alexia was actively involved in theatre, founding and organising independent clubs, among which <strong data-start=\"2152\" data-end=\"2177\">\u201cCaragiale's troupe\u201d<\/strong> and <strong data-start=\"2181\" data-end=\"2196\">\u201cSquad 009\u201d<\/strong>, where he directed, acted and raised charitable funds through performances. He performed on stage <strong data-start=\"2283\" data-end=\"2319\">The Bucharest National Theatre<\/strong> in the play <em data-start=\"2329\" data-end=\"2355\">\u201cToday, Tomorrow and The Day After\u201d<\/em>, addressing strong social topics like ethnic discrimination.<\/p><p data-start=\"2425\" data-end=\"2776\">His activity demonstrates <strong data-start=\"2453\" data-end=\"2482\">versatility and dedication<\/strong>From intense dramatic roles and complex characters to direct involvement in the technical and logistical aspects of productions. With a rich early experience and solid education in screen acting, Alexia aims to become a renowned name in European and international cinema.<\/p>\t\t\t\t\t\t\t\t<\/div>\n\t\t\t\t\t<\/div>\n\t\t<\/div>\n\t\t\t\t\t<\/div>\n\t\t<\/section>\n\t\t\t\t<section class=\"elementor-section elementor-top-section elementor-element elementor-element-9dee8cb elementor-section-full_width elementor-section-height-default elementor-section-height-default qodef-elementor-image-no\" data-id=\"9dee8cb\" data-element_type=\"section\">\n\t\t\t\t\t\t<div class=\"elementor-container elementor-column-gap-default\">\n\t\t\t\t\t<div class=\"elementor-column elementor-col-25 elementor-top-column elementor-element elementor-element-2d44f2d\" data-id=\"2d44f2d\" data-element_type=\"column\">\n\t\t\t<div class=\"elementor-widget-wrap elementor-element-populated\">\n\t\t\t\t\t\t<div class=\"elementor-element elementor-element-31172e5 elementor-widget elementor-widget-firstframe_core_section_title\" data-id=\"31172e5\" data-element_type=\"widget\" data-widget_type=\"firstframe_core_section_title.default\">\n\t\t\t\t<div class=\"elementor-widget-container\">\n\t\t\t\t\t<div class=\"qodef-shortcode qodef-m qodef-section-title qodef-alignment--left\">\n\t\t<h5 class=\"qodef-m-title\" style=\"color: #000000\">\n\t\t\t\t\t<a itemprop=\"url\" href=\"https:\/\/stellariafilm.com\/en_gb\/actorie-film-teatru\/\" target=\"_self\">\n\t\t\t\t\tRequisites for film and theatre\t\t\t\t\t<\/a>\n\t\t\t<\/h5>\n\t\t<p class=\"qodef-m-text\" style=\"margin-top: 9px;color: #000000\">leading and supporting roles, with versatility and authentic emotion.<\/p>\n<\/div>\n\t\t\t\t<\/div>\n\t\t\t\t<\/div>\n\t\t\t\t<div class=\"elementor-element elementor-element-531bd67 elementor-widget elementor-widget-firstframe_core_button\" data-id=\"531bd67\" data-element_type=\"widget\" data-widget_type=\"firstframe_core_button.default\">\n\t\t\t\t<div class=\"elementor-widget-container\">\n\t\t\t\t\t<a class=\"qodef-shortcode qodef-m qodef-button qodef-layout--textual qodef-html--link\" href=\"https:\/\/stellariafilm.com\/en_gb\/actorie-film-teatru\/\" target=\"_self\"  style=\"color: #121212\">\n\t<span class=\"qodef-m-text\">See more<\/span>\n<\/a>\n\t\t\t\t<\/div>\n\t\t\t\t<\/div>\n\t\t\t\t\t<\/div>\n\t\t<\/div>\n\t\t\t\t<div class=\"elementor-column elementor-col-25 elementor-top-column elementor-element elementor-element-e3ee90c\" data-id=\"e3ee90c\" data-element_type=\"column\">\n\t\t\t<div class=\"elementor-widget-wrap elementor-element-populated\">\n\t\t\t\t\t\t<div class=\"elementor-element elementor-element-6762d43 elementor-widget elementor-widget-firstframe_core_section_title\" data-id=\"6762d43\" data-element_type=\"widget\" data-widget_type=\"firstframe_core_section_title.default\">\n\t\t\t\t<div class=\"elementor-widget-container\">\n\t\t\t\t\t<div class=\"qodef-shortcode qodef-m qodef-section-title qodef-alignment--left\">\n\t\t<h5 class=\"qodef-m-title\" style=\"color: #000000\">\n\t\t\t\t\t<a itemprop=\"url\" href=\"https:\/\/stellariafilm.com\/en_gb\/modelling\/\" target=\"_self\">\n\t\t\t\t\tModelling &amp; artistic photoshoots\t\t\t\t\t<\/a>\n\t\t\t<\/h5>\n\t\t<p class=\"qodef-m-text\" style=\"margin-top: 9px;color: #000000\">Creative photo shoots, with acting expressiveness.<\/p>\n<\/div>\n\t\t\t\t<\/div>\n\t\t\t\t<\/div>\n\t\t\t\t<div class=\"elementor-element elementor-element-e04fff8 elementor-widget elementor-widget-firstframe_core_button\" data-id=\"e04fff8\" data-element_type=\"widget\" data-widget_type=\"firstframe_core_button.default\">\n\t\t\t\t<div class=\"elementor-widget-container\">\n\t\t\t\t\t<a class=\"qodef-shortcode qodef-m qodef-button qodef-layout--textual qodef-html--link\" href=\"https:\/\/stellariafilm.com\/en_gb\/modelling\/\" target=\"_self\"  style=\"color: #121212\">\n\t<span class=\"qodef-m-text\">See more<\/span>\n<\/a>\n\t\t\t\t<\/div>\n\t\t\t\t<\/div>\n\t\t\t\t\t<\/div>\n\t\t<\/div>\n\t\t\t\t<div class=\"elementor-column elementor-col-25 elementor-top-column elementor-element elementor-element-1a38c59\" data-id=\"1a38c59\" data-element_type=\"column\">\n\t\t\t<div class=\"elementor-widget-wrap elementor-element-populated\">\n\t\t\t\t\t\t<div class=\"elementor-element elementor-element-9c364f5 elementor-widget elementor-widget-firstframe_core_section_title\" data-id=\"9c364f5\" data-element_type=\"widget\" data-widget_type=\"firstframe_core_section_title.default\">\n\t\t\t\t<div class=\"elementor-widget-container\">\n\t\t\t\t\t<div class=\"qodef-shortcode qodef-m qodef-section-title qodef-alignment--left\">\n\t\t<h5 class=\"qodef-m-title\" style=\"color: #000000\">\n\t\t\t\t\t<a itemprop=\"url\" href=\"https:\/\/stellariafilm.com\/en_gb\/voice-over-narare\/\" target=\"_self\">\n\t\t\t\t\tVoice-over &amp; narration\t\t\t\t\t<\/a>\n\t\t\t<\/h5>\n\t\t<p class=\"qodef-m-text\" style=\"margin-top: 9px;color: #000000\">Recordings for advertisements, audiobooks, or artistic projects.<\/p>\n<\/div>\n\t\t\t\t<\/div>\n\t\t\t\t<\/div>\n\t\t\t\t<div class=\"elementor-element elementor-element-cff588e elementor-widget elementor-widget-firstframe_core_button\" data-id=\"cff588e\" data-element_type=\"widget\" data-widget_type=\"firstframe_core_button.default\">\n\t\t\t\t<div class=\"elementor-widget-container\">\n\t\t\t\t\t<a class=\"qodef-shortcode qodef-m qodef-button qodef-layout--textual qodef-html--link\" href=\"https:\/\/stellariafilm.com\/en_gb\/voice-over-narare\/\" target=\"_self\"  style=\"color: #121212\">\n\t<span class=\"qodef-m-text\">See more<\/span>\n<\/a>\n\t\t\t\t<\/div>\n\t\t\t\t<\/div>\n\t\t\t\t\t<\/div>\n\t\t<\/div>\n\t\t\t\t<div class=\"elementor-column elementor-col-25 elementor-top-column elementor-element elementor-element-82d641f\" data-id=\"82d641f\" data-element_type=\"column\">\n\t\t\t<div class=\"elementor-widget-wrap elementor-element-populated\">\n\t\t\t\t\t\t<div class=\"elementor-element elementor-element-38910ac elementor-widget elementor-widget-firstframe_core_section_title\" data-id=\"38910ac\" data-element_type=\"widget\" data-widget_type=\"firstframe_core_section_title.default\">\n\t\t\t\t<div class=\"elementor-widget-container\">\n\t\t\t\t\t<div class=\"qodef-shortcode qodef-m qodef-section-title qodef-alignment--left\">\n\t\t<h5 class=\"qodef-m-title\" style=\"color: #000000\">\n\t\t\t\t\t<a itemprop=\"url\" href=\"https:\/\/stellariafilm.com\/en_gb\/casa-de-productie\/\" target=\"_self\">\n\t\t\t\t\tWorkshops and masterclasses for young actors\t\t\t\t\t<\/a>\n\t\t\t<\/h5>\n\t\t<p class=\"qodef-m-text\" style=\"margin-top: 9px;color: #000000\">Sharing expertise and supporting the new generation.<\/p>\n<\/div>\n\t\t\t\t<\/div>\n\t\t\t\t<\/div>\n\t\t\t\t<div class=\"elementor-element elementor-element-bcccf44 elementor-widget elementor-widget-firstframe_core_button\" data-id=\"bcccf44\" data-element_type=\"widget\" data-widget_type=\"firstframe_core_button.default\">\n\t\t\t\t<div class=\"elementor-widget-container\">\n\t\t\t\t\t<a class=\"qodef-shortcode qodef-m qodef-button qodef-layout--textual qodef-html--link\" href=\"https:\/\/stellariafilm.com\/en_gb\/casa-de-productie\/\" target=\"_self\"  style=\"color: #121212\">\n\t<span class=\"qodef-m-text\">See more<\/span>\n<\/a>\n\t\t\t\t<\/div>\n\t\t\t\t<\/div>\n\t\t\t\t\t<\/div>\n\t\t<\/div>\n\t\t\t\t\t<\/div>\n\t\t<\/section>\n\t\t\t\t<\/div>","protected":false},"excerpt":{"rendered":"<p>Alexia T\u0103taru Actri\u021b\u0103 &amp; Produc\u0103tor EXPERIENTA \u201cBright Lights of Little Paris\u201d (2024) \u2013 rol secundar, interpret\u00e2nd-o pe Alexia, fiica personajului principal, al\u0103turi de Maia Morgenstern. Film regizat de Dan Chi\u0219u (2025) \u2013 rol de adolescent\u0103 IT genius care dezvolt\u0103 tehnologii AI, unde Alexia a \u00eenv\u0103\u021bat chiar \u0219i limbajul semnelor rom\u00e2nesc pentru o scen\u0103 special\u0103. A [&hellip;]<\/p>","protected":false},"author":1,"featured_media":0,"parent":0,"menu_order":0,"comment_status":"closed","ping_status":"closed","template":"page-full-width.php","meta":{"pagelayer_contact_templates":[],"_pagelayer_content":"","footnotes":""},"class_list":["post-2091","page","type-page","status-publish","hentry"],"_links":{"self":[{"href":"https:\/\/stellariafilm.com\/en_gb\/wp-json\/wp\/v2\/pages\/2091","targetHints":{"allow":["GET"]}}],"collection":[{"href":"https:\/\/stellariafilm.com\/en_gb\/wp-json\/wp\/v2\/pages"}],"about":[{"href":"https:\/\/stellariafilm.com\/en_gb\/wp-json\/wp\/v2\/types\/page"}],"author":[{"embeddable":true,"href":"https:\/\/stellariafilm.com\/en_gb\/wp-json\/wp\/v2\/users\/1"}],"replies":[{"embeddable":true,"href":"https:\/\/stellariafilm.com\/en_gb\/wp-json\/wp\/v2\/comments?post=2091"}],"version-history":[{"count":16,"href":"https:\/\/stellariafilm.com\/en_gb\/wp-json\/wp\/v2\/pages\/2091\/revisions"}],"predecessor-version":[{"id":6792,"href":"https:\/\/stellariafilm.com\/en_gb\/wp-json\/wp\/v2\/pages\/2091\/revisions\/6792"}],"wp:attachment":[{"href":"https:\/\/stellariafilm.com\/en_gb\/wp-json\/wp\/v2\/media?parent=2091"}],"curies":[{"name":"WP","href":"https:\/\/api.w.org\/{rel}","templated":true}]}}