{"id":162,"date":"2023-03-01T10:37:58","date_gmt":"2023-03-01T10:37:58","guid":{"rendered":"https:\/\/firstframe.qodeinteractive.com\/?page_id=162"},"modified":"2025-08-22T14:43:57","modified_gmt":"2025-08-22T14:43:57","slug":"videoclipuri-muzicale","status":"publish","type":"page","link":"https:\/\/stellariafilm.com\/en_gb\/videoclipuri-muzicale\/","title":{"rendered":"Music videos"},"content":{"rendered":"<div data-elementor-type=\"wp-page\" data-elementor-id=\"162\" class=\"elementor elementor-162\">\n\t\t\t\t\t\t<section class=\"elementor-section elementor-top-section elementor-element elementor-element-97a3b6e elementor-section-full_width elementor-section-height-default elementor-section-height-default qodef-elementor-image-no\" data-id=\"97a3b6e\" data-element_type=\"section\">\n\t\t\t\t\t\t<div class=\"elementor-container elementor-column-gap-default\">\n\t\t\t\t\t<div class=\"elementor-column elementor-col-100 elementor-top-column elementor-element elementor-element-5345374\" data-id=\"5345374\" data-element_type=\"column\">\n\t\t\t<div class=\"elementor-widget-wrap elementor-element-populated\">\n\t\t\t\t\t\t<div class=\"elementor-element elementor-element-c29d782 elementor-widget elementor-widget-slider_revolution\" data-id=\"c29d782\" data-element_type=\"widget\" data-widget_type=\"slider_revolution.default\">\n\t\t\t\t\t\n\t\t<div class=\"wp-block-themepunch-revslider\">\n\t\t\t\t<p class=\"rs-p-wp-fix\"><\/p>\n\t\t\t\t<sr7-module data-alias=\"director-home\" data-id=\"3\" id=\"SR7_3_1\" class=\"rs-ov-hidden\" data-version=\"6.7.34\">\n\t\t\t\t\t<sr7-adjuster><\/sr7-adjuster>\n\t\t\t\t\t<sr7-content>\n\t\t\t\t\t\t<sr7-slide id=\"SR7_3_1-3\" data-key=\"3\">\n\t\t\t\t\t\t\t<sr7-bg id=\"SR7_3_1-3-4\" class=\"sr7-layer\"><noscript><img decoding=\"async\" src=\"https:\/\/stellaria.aysa.ro\/wp-content\/uploads\/2023\/03\/home-3-img-1.jpg\" alt=\"c\" title=\"home-3-img-1\"><\/noscript><\/sr7-bg>\n\t\t\t\t\t\t\t<sr7-txt id=\"SR7_3_1-3-0\" class=\"sr7-layer\">DAVID <\/sr7-txt>\n\t\t\t\t\t\t\t<sr7-txt id=\"SR7_3_1-3-1\" class=\"sr7-layer\">Martinez<\/sr7-txt>\n\t\t\t\t\t\t\t<sr7-txt id=\"SR7_3_1-3-2\" class=\"sr7-layer\">Director \/ Executive Producer<\/sr7-txt>\n\t\t\t\t\t\t\t<sr7-txt id=\"SR7_3_1-3-3\" class=\"sr7-layer\" srscsrc><a class=\"qodef-shortcode qodef-m qodef-button qodef-layout--outlined qodef-html--link\" href=\"\" target=\"_self\"  >\n\t<span class=\"qodef-m-text\">Get Tickets<\/span>\n<\/a>\n<\/sr7-txt>\n\t\t\t\t\t\t<\/sr7-slide>\n\t\t\t\t\t\t<sr7-slide id=\"SR7_3_1-12\" data-key=\"12\">\n\t\t\t\t\t\t<\/sr7-slide>\n\t\t\t\t\t<\/sr7-content>\n\t\t\t\t\t<image_lists style=\"display:none\">\n\t\t\t\t\t\t<img data-src=\"\/\/stellaria.aysa.ro\/wp-content\/uploads\/2023\/03\/home-3-img-1.jpg\" data-libid=\"166\" data-lib=\"medialibrary\" alt=\"c\" title=\"home-3-img-1\" width=\"0\" height=\"0\" data-dbsrc=\"Ly9zdGVsbGFyaWEuYXlzYS5yby93cC1jb250ZW50L3VwbG9hZHMvMjAyMy8wMy9ob21lLTMtaW1nLTEuanBn\"\/>\n\t\t\t\t\t<\/image_lists>\n\t\t\t\t<\/sr7-module>\n\t\t\t\t<script>\n\t\t\t\t\tSR7.PMH ??={}; SR7.PMH[\"SR7_3_1\"] = {cn:100,state:false,fn: function() { if (_tpt!==undefined && _tpt.prepareModuleHeight !== undefined) {  _tpt.prepareModuleHeight({id:\"SR7_3_1\",el:[670,670,520,700,720],type:'standard',shdw:'0',gh:[670,670,520,700,720],gw:[1400,1400,1100,778,480],vpt:['-100px&#039;,&#039;-100px&#039;,&#039;-100px&#039;,&#039;-100px&#039;,&#039;-100px'],size:{fullWidth:true, fullHeight:false},mh:'0',onh:0,onw:0,bg:{color:'{\"orig\":\"transparent\",\"type\":\"solid\",\"string\":\"transparent\"}'}});   SR7.PMH[\"SR7_3_1\"].state=true;} else if(SR7.PMH[\"SR7_3_1\"].cn-->0)\tsetTimeout( SR7.PMH[\"SR7_3_1\"].fn,19);}};SR7.PMH[\"SR7_3_1\" ].fn();\n\t\t\t\t<\/script>\n<\/div>\n\n\t\t\t\t\t\t<\/div>\n\t\t\t\t\t<\/div>\n\t\t<\/div>\n\t\t\t\t\t<\/div>\n\t\t<\/section>\n\t\t\t\t<section class=\"elementor-section elementor-top-section elementor-element elementor-element-f69bd50 elementor-section-full_width qodef-elementor-content-grid qodef-extended-grid qodef-extended-grid--right qodef-section-offset-image--animation-step-rotate elementor-section-height-default elementor-section-height-default qodef-elementor-image-no\" data-id=\"f69bd50\" data-element_type=\"section\">\n\t\t\t\t\t\t<div class=\"elementor-container elementor-column-gap-default\">\n\t\t\t\t\t<div class=\"elementor-column elementor-col-50 elementor-top-column elementor-element elementor-element-13d50d5\" data-id=\"13d50d5\" data-element_type=\"column\">\n\t\t\t<div class=\"elementor-widget-wrap elementor-element-populated\">\n\t\t\t\t\t\t<div class=\"elementor-element elementor-element-993d0c9 elementor-widget elementor-widget-firstframe_core_icon_with_text\" data-id=\"993d0c9\" data-element_type=\"widget\" data-widget_type=\"firstframe_core_icon_with_text.default\">\n\t\t\t\t<div class=\"elementor-widget-container\">\n\t\t\t\t\t<div class=\"qodef-shortcode qodef-m qodef-icon-with-text qodef-layout--before-content qodef--custom-icon\">\n\t<div class=\"qodef-m-icon-wrapper\" >\n\t\t\t\t\t<img decoding=\"async\" width=\"10\" height=\"10\" src=\"https:\/\/stellariafilm.com\/wp-content\/uploads\/2023\/03\/icon.png\" class=\"attachment-full size-full\" alt=\"c\" \/>\t\t<\/div>\n\t<div class=\"qodef-m-content\">\n\t\t\t\t\t\t\t\t\t<p class=\"qodef-m-text\" style=\"margin-top: -7px\">A music video is not just a visual accompaniment to a song, but an essential element of an artist's identity. At Stellaria, we treat music videos as an art form, where visuals, emotion, and storytelling intertwine to create a memorable experience.<\/p>\n\t\t\t<\/div>\n<\/div>\n\t\t\t\t<\/div>\n\t\t\t\t<\/div>\n\t\t\t\t<div class=\"elementor-element elementor-element-d31860a elementor-widget elementor-widget-firstframe_core_icon_with_text\" data-id=\"d31860a\" data-element_type=\"widget\" data-widget_type=\"firstframe_core_icon_with_text.default\">\n\t\t\t\t<div class=\"elementor-widget-container\">\n\t\t\t\t\t<div class=\"qodef-shortcode qodef-m qodef-icon-with-text qodef-layout--before-content qodef--custom-icon\">\n\t<div class=\"qodef-m-icon-wrapper\" >\n\t\t\t\t\t<img decoding=\"async\" width=\"10\" height=\"10\" src=\"https:\/\/stellariafilm.com\/wp-content\/uploads\/2023\/03\/icon.png\" class=\"attachment-full size-full\" alt=\"c\" \/>\t\t<\/div>\n\t<div class=\"qodef-m-content\">\n\t\t\t\t\t\t\t\t\t<p class=\"qodef-m-text\" style=\"margin-top: -7px\">From the conception of the idea and the development of the visual concept, to directing, filming and editing, our team works step-by-step alongside artists to authentically convey the message and vibe of the song. Whether we're talking about a minimalist, artistic video or a complex cinematic one, with elaborate scripts and special sets, we adapt each project to the artist's personality and musical style.<\/p>\n\t\t\t<\/div>\n<\/div>\n\t\t\t\t<\/div>\n\t\t\t\t<\/div>\n\t\t\t\t<div class=\"elementor-element elementor-element-222386a elementor-widget elementor-widget-text-editor\" data-id=\"222386a\" data-element_type=\"widget\" data-widget_type=\"text-editor.default\">\n\t\t\t\t\t\t\t\t\t<h3 data-start=\"910\" data-end=\"984\">The benefits of collaborating with Stellaria for music videos:<\/h3><ul><li data-start=\"987\" data-end=\"1111\"><strong data-start=\"987\" data-end=\"1025\">Professional and memorable image<\/strong> \u2013 the video clip becomes the artist's business card, helping them stand out.<\/li><li data-start=\"1114\" data-end=\"1246\"><strong data-start=\"1114\" data-end=\"1134\">Original concept<\/strong> \u2013 each clip is unique, built on the story and emotions of the track, without clich\u00e9s or repetitive solutions.<\/li><li data-start=\"1249\" data-end=\"1415\"><strong data-start=\"1249\" data-end=\"1281\">Creative and passionate team<\/strong> \u2013 we work with directors, screenwriters, DoPs and editors who treat the project as a film production, not just a simple shoot.<\/li><li data-start=\"1418\" data-end=\"1560\"><strong data-start=\"1418\" data-end=\"1446\">Versatility in styles<\/strong> \u2013 from urban and modern, to poetic and symbolic, we can create videos that suit any music genre.<\/li><li data-start=\"1563\" data-end=\"1709\"><strong data-start=\"1563\" data-end=\"1594\">Full production support<\/strong> \u2013 locations, casting, costumes, choreography, professional equipment, everything organised for an impeccable result.<\/li><li data-start=\"1712\" data-end=\"1828\"><strong data-start=\"1712\" data-end=\"1737\">Connecting with the public<\/strong> A successful music video conveys emotions and strengthens the bond between the artist and their fans.<\/li><\/ul>\t\t\t\t\t\t\t\t<\/div>\n\t\t\t\t\t<\/div>\n\t\t<\/div>\n\t\t\t\t<div class=\"elementor-column elementor-col-50 elementor-top-column elementor-element elementor-element-f3103f7\" data-id=\"f3103f7\" data-element_type=\"column\">\n\t\t\t<div class=\"elementor-widget-wrap elementor-element-populated\">\n\t\t\t\t\t\t<div class=\"elementor-element elementor-element-2e26626 elementor-widget elementor-widget-firstframe_core_single_image\" data-id=\"2e26626\" data-element_type=\"widget\" data-widget_type=\"firstframe_core_single_image.default\">\n\t\t\t\t<div class=\"elementor-widget-container\">\n\t\t\t\t\t<div class=\"qodef-shortcode qodef-m qodef-single-image qodef-layout--default\">\n\t<\/div>\n\t\t\t\t<\/div>\n\t\t\t\t<\/div>\n\t\t\t\t<div class=\"elementor-element elementor-element-3cbd397 elementor-widget elementor-widget-firstframe_core_single_image\" data-id=\"3cbd397\" data-element_type=\"widget\" data-widget_type=\"firstframe_core_single_image.default\">\n\t\t\t\t<div class=\"elementor-widget-container\">\n\t\t\t\t\t<div class=\"qodef-shortcode qodef-m qodef-single-image qodef-layout--default\">\n\t\t\t<div class=\"qodef-m-image\">\n\t\t\t\t\t\t\t\t<img fetchpriority=\"high\" decoding=\"async\" width=\"854\" height=\"1280\" src=\"https:\/\/stellariafilm.com\/wp-content\/uploads\/2025\/08\/videoclip-muzical.jpg\" class=\"attachment-full size-full\" alt=\"\" srcset=\"https:\/\/stellariafilm.com\/wp-content\/uploads\/2025\/08\/videoclip-muzical.jpg 854w, https:\/\/stellariafilm.com\/wp-content\/uploads\/2025\/08\/videoclip-muzical-200x300.jpg 200w, https:\/\/stellariafilm.com\/wp-content\/uploads\/2025\/08\/videoclip-muzical-683x1024.jpg 683w, https:\/\/stellariafilm.com\/wp-content\/uploads\/2025\/08\/videoclip-muzical-768x1151.jpg 768w, https:\/\/stellariafilm.com\/wp-content\/uploads\/2025\/08\/videoclip-muzical-600x899.jpg 600w\" sizes=\"(max-width: 854px) 100vw, 854px\" \/>\t\t\t\t\t\t\t<\/div>\n\t<\/div>\n\t\t\t\t<\/div>\n\t\t\t\t<\/div>\n\t\t\t\t<div class=\"elementor-element elementor-element-c2d5e72 elementor-widget elementor-widget-firstframe_core_single_image\" data-id=\"c2d5e72\" data-element_type=\"widget\" data-widget_type=\"firstframe_core_single_image.default\">\n\t\t\t\t<div class=\"elementor-widget-container\">\n\t\t\t\t\t<div class=\"qodef-shortcode qodef-m qodef-single-image qodef-layout--default\">\n\t\t\t<div class=\"qodef-m-image\">\n\t\t\t\t\t\t\t\t<img loading=\"lazy\" decoding=\"async\" width=\"692\" height=\"787\" src=\"https:\/\/stellariafilm.com\/wp-content\/uploads\/2025\/08\/videoclip-stellaria.jpg\" class=\"attachment-full size-full\" alt=\"\" srcset=\"https:\/\/stellariafilm.com\/wp-content\/uploads\/2025\/08\/videoclip-stellaria.jpg 692w, https:\/\/stellariafilm.com\/wp-content\/uploads\/2025\/08\/videoclip-stellaria-264x300.jpg 264w, https:\/\/stellariafilm.com\/wp-content\/uploads\/2025\/08\/videoclip-stellaria-600x682.jpg 600w\" sizes=\"(max-width: 692px) 100vw, 692px\" \/>\t\t\t\t\t\t\t<\/div>\n\t<\/div>\n\t\t\t\t<\/div>\n\t\t\t\t<\/div>\n\t\t\t\t\t<\/div>\n\t\t<\/div>\n\t\t\t\t\t<\/div>\n\t\t<\/section>\n\t\t\t\t<section class=\"elementor-section elementor-top-section elementor-element elementor-element-6b5c810 elementor-section-full_width elementor-section-height-default elementor-section-height-default qodef-elementor-image-no\" data-id=\"6b5c810\" data-element_type=\"section\">\n\t\t\t\t\t\t<div class=\"elementor-container elementor-column-gap-default\">\n\t\t\t\t\t<div class=\"elementor-column elementor-col-100 elementor-top-column elementor-element elementor-element-5098b80\" data-id=\"5098b80\" data-element_type=\"column\">\n\t\t\t<div class=\"elementor-widget-wrap elementor-element-populated\">\n\t\t\t\t\t\t<div class=\"elementor-element elementor-element-3d8665f elementor-widget elementor-widget-video\" data-id=\"3d8665f\" data-element_type=\"widget\" data-settings=\"{&quot;youtube_url&quot;:&quot;https:\\\/\\\/youtu.be\\\/SYhiVA1WvSM?si=LR7aWvPqCcDXtILC&quot;,&quot;video_type&quot;:&quot;youtube&quot;,&quot;controls&quot;:&quot;yes&quot;}\" data-widget_type=\"video.default\">\n\t\t\t\t\t\t\t<div class=\"elementor-wrapper elementor-open-inline\">\n\t\t\t<div class=\"elementor-video\"><\/div>\t\t<\/div>\n\t\t\t\t\t\t<\/div>\n\t\t\t\t\t<\/div>\n\t\t<\/div>\n\t\t\t\t\t<\/div>\n\t\t<\/section>\n\t\t\t\t<section class=\"elementor-section elementor-top-section elementor-element elementor-element-b6898aa elementor-section-full_width qodef-elementor-content-grid elementor-section-height-default elementor-section-height-default qodef-elementor-image-no\" data-id=\"b6898aa\" data-element_type=\"section\">\n\t\t\t\t\t\t<div class=\"elementor-container elementor-column-gap-default\">\n\t\t\t\t\t<div class=\"elementor-column elementor-col-100 elementor-top-column elementor-element elementor-element-a4b3113\" data-id=\"a4b3113\" data-element_type=\"column\">\n\t\t\t<div class=\"elementor-widget-wrap elementor-element-populated\">\n\t\t\t\t\t\t<div class=\"elementor-element elementor-element-2a3806e elementor-widget__width-initial elementor-widget-tablet__width-initial elementor-widget elementor-widget-firstframe_core_section_title\" data-id=\"2a3806e\" data-element_type=\"widget\" data-widget_type=\"firstframe_core_section_title.default\">\n\t\t\t\t<div class=\"elementor-widget-container\">\n\t\t\t\t\t<div class=\"qodef-shortcode qodef-m qodef-section-title qodef-alignment--left\">\n\t\t<h2 class=\"qodef-m-title\" >\n\t\t\t\t\tStories <mark>beautiful<\/mark>\t\t\t<\/h2>\n\t<\/div>\n\t\t\t\t<\/div>\n\t\t\t\t<\/div>\n\t\t\t\t<div class=\"elementor-element elementor-element-f9dbd63 elementor-widget elementor-widget-spacer\" data-id=\"f9dbd63\" data-element_type=\"widget\" data-widget_type=\"spacer.default\">\n\t\t\t\t\t\t\t<div class=\"elementor-spacer\">\n\t\t\t<div class=\"elementor-spacer-inner\"><\/div>\n\t\t<\/div>\n\t\t\t\t\t\t<\/div>\n\t\t\t\t<div class=\"elementor-element elementor-element-8fe60c0 elementor-widget elementor-widget-firstframe_core_blog_list\" data-id=\"8fe60c0\" data-element_type=\"widget\" data-widget_type=\"firstframe_core_blog_list.default\">\n\t\t\t\t<div class=\"elementor-widget-container\">\n\t\t\t\t\t<div class=\"qodef-shortcode qodef-m qodef-blog qodef-item-layout--metro qodef-grid qodef-layout--columns qodef-gutter--small qodef-vertical-gutter--medium qodef-col-num--3 qodef-item-layout--metro qodef-pagination--off qodef-responsive--custom qodef-col-num--1440--3 qodef-col-num--1366--3 qodef-col-num--1024--1 qodef-col-num--768--1 qodef-col-num--680--1 qodef-col-num--480--1 qodef-swiper--show-pagination\" data-options=\"{&quot;plugin&quot;:&quot;firstframe_core&quot;,&quot;module&quot;:&quot;blog\\\/shortcodes&quot;,&quot;shortcode&quot;:&quot;blog-list&quot;,&quot;post_type&quot;:&quot;post&quot;,&quot;next_page&quot;:&quot;2&quot;,&quot;max_pages_num&quot;:1,&quot;behavior&quot;:&quot;columns&quot;,&quot;images_proportion&quot;:&quot;full&quot;,&quot;columns&quot;:&quot;3&quot;,&quot;columns_responsive&quot;:&quot;custom&quot;,&quot;columns_1440&quot;:&quot;3&quot;,&quot;columns_1366&quot;:&quot;3&quot;,&quot;columns_1024&quot;:&quot;1&quot;,&quot;columns_768&quot;:&quot;1&quot;,&quot;columns_680&quot;:&quot;1&quot;,&quot;columns_480&quot;:&quot;1&quot;,&quot;space&quot;:&quot;small&quot;,&quot;vertical_space&quot;:&quot;medium&quot;,&quot;split_number&quot;:&quot;3.3&quot;,&quot;posts_per_page&quot;:&quot;3&quot;,&quot;orderby&quot;:&quot;date&quot;,&quot;order&quot;:&quot;DESC&quot;,&quot;additional_params&quot;:&quot;tax&quot;,&quot;tax&quot;:&quot;post_tag&quot;,&quot;tax_slug&quot;:&quot;tv-shows&quot;,&quot;layout&quot;:&quot;metro&quot;,&quot;title_tag&quot;:&quot;h5&quot;,&quot;pagination_type&quot;:&quot;no-pagination&quot;,&quot;object_class_name&quot;:&quot;FirstFrameCore_Blog_List_Shortcode&quot;,&quot;taxonomy_filter&quot;:&quot;post_tag&quot;,&quot;additional_query_args&quot;:{&quot;tax_query&quot;:[{&quot;taxonomy&quot;:&quot;post_tag&quot;,&quot;field&quot;:&quot;slug&quot;,&quot;terms&quot;:&quot;tv-shows&quot;}]},&quot;space_value&quot;:20}\">\n\t\t<div class=\"qodef-grid-inner\">\n\t\t<article class=\"qodef-e qodef-blog-item qodef-grid-item qodef-item--full post-4958 post type-post status-publish format-standard has-post-thumbnail hentry category-actor-filme category-actrita-filme category-drama category-scurtmetraj tag-actors tag-tv-shows\">\n    <div class=\"qodef-e-inner\">\n        <div class=\"qodef-e-media\">\n\t\t<a itemprop=\"dateCreated\" href=\"https:\/\/stellariafilm.com\/en_gb\/2025\/08\/\" class=\"entry-date\">\n\t<span class=\"qodef-time-day\">30<\/span>\n\t<span class=\"qodef-time-month\">Aug<\/span>\n<\/a>\n\t<div class=\"qodef-e-media-image\">\n\t\t<a itemprop=\"url\" href=\"https:\/\/stellariafilm.com\/en_gb\/bright-lights-of-little-paris-scurtmetraj-2025\/\">\n\t\t\t<img loading=\"lazy\" decoding=\"async\" width=\"2560\" height=\"1707\" src=\"https:\/\/stellariafilm.com\/wp-content\/uploads\/2025\/08\/LUP0542-scaled.jpg\" class=\"attachment-full size-full wp-post-image\" alt=\"\" srcset=\"https:\/\/stellariafilm.com\/wp-content\/uploads\/2025\/08\/LUP0542-scaled.jpg 2560w, https:\/\/stellariafilm.com\/wp-content\/uploads\/2025\/08\/LUP0542-300x200.jpg 300w, https:\/\/stellariafilm.com\/wp-content\/uploads\/2025\/08\/LUP0542-1024x683.jpg 1024w, https:\/\/stellariafilm.com\/wp-content\/uploads\/2025\/08\/LUP0542-768x512.jpg 768w, https:\/\/stellariafilm.com\/wp-content\/uploads\/2025\/08\/LUP0542-1536x1024.jpg 1536w, https:\/\/stellariafilm.com\/wp-content\/uploads\/2025\/08\/LUP0542-2048x1365.jpg 2048w, https:\/\/stellariafilm.com\/wp-content\/uploads\/2025\/08\/LUP0542-600x400.jpg 600w\" sizes=\"(max-width: 2560px) 100vw, 2560px\" \/>\t\t<\/a>\n\t<\/div>\n<\/div>\n        <div class=\"qodef-e-content\">\n            <div class=\"qodef-e-top-holder\">\n                <div class=\"qodef-e-info\">\n                    <a href=\"https:\/\/stellariafilm.com\/en_gb\/category\/actor-filme\/\" rel=\"tag\">Film actor<\/a><span class=\"qodef-info-separator-single\"><\/span><a href=\"https:\/\/stellariafilm.com\/en_gb\/category\/actrita-filme\/\" rel=\"tag\">Film actress<\/a><span class=\"qodef-info-separator-single\"><\/span><a href=\"https:\/\/stellariafilm.com\/en_gb\/category\/drama\/\" rel=\"tag\">Drama<\/a><span class=\"qodef-info-separator-single\"><\/span><a href=\"https:\/\/stellariafilm.com\/en_gb\/category\/scurtmetraj\/\" rel=\"tag\">Short film<\/a><div class=\"qodef-info-separator-end\"><\/div>                <\/div>\n            <\/div>\n            <div class=\"qodef-e-text\">\n                <h5 itemprop=\"name\" class=\"qodef-e-title entry-title\" >\n\t<a itemprop=\"url\" class=\"qodef-e-title-link\" href=\"https:\/\/stellariafilm.com\/en_gb\/bright-lights-of-little-paris-scurtmetraj-2025\/\">\n\t\tBright Light's of Little Paris - my first passion project\u201e\t<\/a>\n<\/h5>\n            <\/div>\n            <div class=\"qodef-e-bottom-holder\">\n                <div class=\"qodef-e-left\">\n                    \t<div class=\"qodef-e-read-more\">\n\t\t<a class=\"qodef-shortcode qodef-m qodef-button qodef-layout--textual qodef-html--link\" href=\"https:\/\/stellariafilm.com\/en_gb\/bright-lights-of-little-paris-scurtmetraj-2025\/\" target=\"_self\"  >\t<span class=\"qodef-m-text\">Read More<\/span><\/a>\t<\/div>\n                <\/div>\n                <div class=\"qodef-e-right qodef-e-info\">\n\n                <\/div>\n            <\/div>\n        <\/div>\n    <\/div>\n<\/article>\n\t<\/div>\n\t<\/div>\n\t\t\t\t<\/div>\n\t\t\t\t<\/div>\n\t\t\t\t\t<\/div>\n\t\t<\/div>\n\t\t\t\t\t<\/div>\n\t\t<\/section>\n\t\t\t\t<\/div>","protected":false},"excerpt":{"rendered":"<p>Un videoclip muzical nu este doar un suport vizual pentru o pies\u0103, ci un element esen\u021bial al identit\u0103\u021bii unui artist. La Stellaria, trat\u0103m videoclipurile muzicale ca pe o form\u0103 de art\u0103, \u00een care imaginea, emo\u021bia \u0219i storytelling-ul se \u00eempletesc pentru a crea o experien\u021b\u0103 memorabil\u0103. De la conceperea ideii \u0219i dezvoltarea conceptului vizual, p\u00e2n\u0103 la [&hellip;]<\/p>","protected":false},"author":1,"featured_media":6188,"parent":0,"menu_order":0,"comment_status":"closed","ping_status":"closed","template":"page-full-width.php","meta":{"pagelayer_contact_templates":[],"_pagelayer_content":"","footnotes":""},"class_list":["post-162","page","type-page","status-publish","has-post-thumbnail","hentry"],"_links":{"self":[{"href":"https:\/\/stellariafilm.com\/en_gb\/wp-json\/wp\/v2\/pages\/162","targetHints":{"allow":["GET"]}}],"collection":[{"href":"https:\/\/stellariafilm.com\/en_gb\/wp-json\/wp\/v2\/pages"}],"about":[{"href":"https:\/\/stellariafilm.com\/en_gb\/wp-json\/wp\/v2\/types\/page"}],"author":[{"embeddable":true,"href":"https:\/\/stellariafilm.com\/en_gb\/wp-json\/wp\/v2\/users\/1"}],"replies":[{"embeddable":true,"href":"https:\/\/stellariafilm.com\/en_gb\/wp-json\/wp\/v2\/comments?post=162"}],"version-history":[{"count":6,"href":"https:\/\/stellariafilm.com\/en_gb\/wp-json\/wp\/v2\/pages\/162\/revisions"}],"predecessor-version":[{"id":6585,"href":"https:\/\/stellariafilm.com\/en_gb\/wp-json\/wp\/v2\/pages\/162\/revisions\/6585"}],"wp:featuredmedia":[{"embeddable":true,"href":"https:\/\/stellariafilm.com\/en_gb\/wp-json\/wp\/v2\/media\/6188"}],"wp:attachment":[{"href":"https:\/\/stellariafilm.com\/en_gb\/wp-json\/wp\/v2\/media?parent=162"}],"curies":[{"name":"WP","href":"https:\/\/api.w.org\/{rel}","templated":true}]}}